{"id":150,"date":"2024-09-21T10:54:03","date_gmt":"2024-09-21T10:54:03","guid":{"rendered":"https:\/\/bosphorusmath.com\/?page_id=150"},"modified":"2026-02-13T14:11:23","modified_gmt":"2026-02-13T14:11:23","slug":"sikca-sorulan-sorular","status":"publish","type":"page","link":"https:\/\/bosphorusmath.com\/uz\/sikca-sorulan-sorular\/","title":{"rendered":"TSS"},"content":{"rendered":"<div data-elementor-type=\"wp-page\" data-elementor-id=\"150\" class=\"elementor elementor-150\" data-elementor-settings=\"{&quot;element_pack_global_tooltip_width&quot;:{&quot;unit&quot;:&quot;px&quot;,&quot;size&quot;:&quot;&quot;,&quot;sizes&quot;:[]},&quot;element_pack_global_tooltip_width_tablet&quot;:{&quot;unit&quot;:&quot;px&quot;,&quot;size&quot;:&quot;&quot;,&quot;sizes&quot;:[]},&quot;element_pack_global_tooltip_width_mobile&quot;:{&quot;unit&quot;:&quot;px&quot;,&quot;size&quot;:&quot;&quot;,&quot;sizes&quot;:[]},&quot;element_pack_global_tooltip_padding&quot;:{&quot;unit&quot;:&quot;px&quot;,&quot;top&quot;:&quot;&quot;,&quot;right&quot;:&quot;&quot;,&quot;bottom&quot;:&quot;&quot;,&quot;left&quot;:&quot;&quot;,&quot;isLinked&quot;:true},&quot;element_pack_global_tooltip_padding_tablet&quot;:{&quot;unit&quot;:&quot;px&quot;,&quot;top&quot;:&quot;&quot;,&quot;right&quot;:&quot;&quot;,&quot;bottom&quot;:&quot;&quot;,&quot;left&quot;:&quot;&quot;,&quot;isLinked&quot;:true},&quot;element_pack_global_tooltip_padding_mobile&quot;:{&quot;unit&quot;:&quot;px&quot;,&quot;top&quot;:&quot;&quot;,&quot;right&quot;:&quot;&quot;,&quot;bottom&quot;:&quot;&quot;,&quot;left&quot;:&quot;&quot;,&quot;isLinked&quot;:true},&quot;element_pack_global_tooltip_border_radius&quot;:{&quot;unit&quot;:&quot;px&quot;,&quot;top&quot;:&quot;&quot;,&quot;right&quot;:&quot;&quot;,&quot;bottom&quot;:&quot;&quot;,&quot;left&quot;:&quot;&quot;,&quot;isLinked&quot;:true},&quot;element_pack_global_tooltip_border_radius_tablet&quot;:{&quot;unit&quot;:&quot;px&quot;,&quot;top&quot;:&quot;&quot;,&quot;right&quot;:&quot;&quot;,&quot;bottom&quot;:&quot;&quot;,&quot;left&quot;:&quot;&quot;,&quot;isLinked&quot;:true},&quot;element_pack_global_tooltip_border_radius_mobile&quot;:{&quot;unit&quot;:&quot;px&quot;,&quot;top&quot;:&quot;&quot;,&quot;right&quot;:&quot;&quot;,&quot;bottom&quot;:&quot;&quot;,&quot;left&quot;:&quot;&quot;,&quot;isLinked&quot;:true}}\">\n\t\t\t\t\t\t<div class=\"elementor-section elementor-top-section elementor-element elementor-element-0d1d7ff elementor-section-boxed elementor-section-height-default elementor-section-height-default\" data-id=\"0d1d7ff\" data-element_type=\"section\">\n\t\t\t\t\t\t<div class=\"elementor-container elementor-column-gap-no\">\n\t\t\t\t\t<div class=\"elementor-column elementor-col-100 elementor-top-column elementor-element elementor-element-5fde4972\" data-id=\"5fde4972\" data-element_type=\"column\">\n\t\t\t<div class=\"elementor-widget-wrap elementor-element-populated\">\n\t\t\t\t\t\t<div class=\"elementor-element elementor-element-85ca988 ui-e-a-animate elementor-widget elementor-widget-highlighted-text\" data-id=\"85ca988\" data-element_type=\"widget\" data-widget_type=\"highlighted-text.default\">\n\t\t\t\t<div class=\"elementor-widget-container\">\n\t\t\t\t\t<h1 class=\"ui-e--highlighted-text\" >\r\n        <span class=\"ui-e-headline-text elementor-repeater-item-0105731\">Tez-tez so&#039;raladigan savollar<\/span><span class=\"ui-e-headline-text elementor-repeater-item-dd14b4b ui-e-headline-color\">\r\n\t\t\t\t\t\t\t\t\t<span class=\"whitespace\"> <\/span><span><span class=\"ui-e-headline-text ui-e-headline-highlighted\">Savollar<\/span><span class=\"uicore-svg-wrapper\"><svg xmlns=\"http:\/\/www.w3.org\/2000\/svg\" viewbox=\"0 0 500 150\" preserveaspectratio=\"none\"><\/svg><\/span><\/span><span class=\"whitespace\"> <\/span><\/span>        <\/h1>\r\n        \t\t<\/div>\n\t\t\t\t<\/div>\n\t\t\t\t<div class=\"elementor-element elementor-element-717a77a0 elementor-widget__width-initial elementor-widget-mobile__width-inherit elementor-invisible elementor-widget elementor-widget-bdt-accordion\" data-id=\"717a77a0\" data-element_type=\"widget\" data-settings=\"{&quot;_animation&quot;:&quot;fadeInUp&quot;,&quot;_animation_delay&quot;:100}\" data-widget_type=\"bdt-accordion.default\">\n\t\t\t\t<div class=\"elementor-widget-container\">\n\t\t\t\t\t<div class=\"bdt-ep-accordion-container\">\n\t\t\t<div id=\"bdt-ep-accordion-717a77a0\" class=\"bdt-ep-accordion bdt-accordion\" data-bdt-accordion=\"{&quot;collapsible&quot;:true,&quot;multiple&quot;:false,&quot;transition&quot;:&quot;ease-in-out&quot;}\" \t\tdata-settings=\"{&quot;id&quot;:&quot;bdt-ep-accordion-717a77a0&quot;,&quot;activeHash&quot;:&quot;no&quot;,&quot;activeScrollspy&quot;:null,&quot;hashTopOffset&quot;:false,&quot;hashScrollspyTime&quot;:false}\">\n\t\t\t\t\t\t\t\t\t<div class=\"bdt-ep-accordion-item bdt-open\">\n\t\t\t\t\t\t<div\t\t\t\t\t\t\tclass=\"bdt-ep-accordion-title bdt-accordion-title bdt-flex bdt-flex-middle bdt-flex-between\" id=\"bdt-ep-accordion-uluslararas-matematik-turnuvas-nedir\"\n\t\t\t\t\t\t\tdata-accordion-index=\"0\" data-title=\"uluslararas-matematik-turnuvas-nedir\">\n\n\t\t\t\t\t\t\t\t\t\t\t\t\t\t\t<span class=\"bdt-ep-accordion-icon bdt-flex-align-right\"\n\t\t\t\t\t\t\t\t\taria-hidden=\"true\">\n\n\t\t\t\t\t\t\t\t\t\t\t\t\t\t\t\t\t\t\t<span class=\"bdt-ep-accordion-icon-closed\">\n\t\t\t\t\t\t\t\t\t\t\t<i aria-hidden=\"true\" class=\"fa-fw ti ti-plus\"><\/i>\t\t\t\t\t\t\t\t\t\t<\/span>\n\t\t\t\t\t\t\t\t\t\n\t\t\t\t\t\t\t\t\t\t\t\t\t\t\t\t\t\t\t<span class=\"bdt-ep-accordion-icon-opened\">\n\t\t\t\t\t\t\t\t\t\t\t<i aria-hidden=\"true\" class=\"fa-fw ti ti-minus\"><\/i>\t\t\t\t\t\t\t\t\t\t<\/span>\n\t\t\t\t\t\t\t\t\t\n\t\t\t\t\t\t\t\t<\/span>\n\t\t\t\t\t\t\t\n\t\t\t\t\t\t\t<span role=\"heading\" class=\"bdt-ep-title-text bdt-flex-inline bdt-flex-middle\" >\n\n\t\t\t\t\t\t\t\t\t\t\t\t\t\t\t\tXalqaro matematika turniri nima?\t\t\t\t\t\t\t<\/span>\n\n\t\t\t\t\t\t<\/div>\n\t\t\t\t\t\t<div class=\"bdt-ep-accordion-content bdt-accordion-content\">\n\t\t\t\t\t\t\t<p class=\"p1\">Uluslararas\u0131 Matematik Turnuvas\u0131, \u00a0matematiksel d\u00fc\u015f\u00fcnme becerilerini te\u015fvik eden ve uluslararas\u0131 d\u00fczeyde \u00f6\u011frencilerin yar\u0131\u015ft\u0131\u011f\u0131 bir matematik bilgi yar\u0131\u015fmas\u0131d\u0131r. Turnuva, y\u00fcz y\u00fcze ger\u00e7ekle\u015ftirilecek olup, kat\u0131l\u0131mc\u0131lar iki a\u015famal\u0131 bir s\u00fcre\u00e7ten ge\u00e7eceklerdir. \u0130lk a\u015famada ba\u015far\u0131l\u0131 olan \u00f6\u011frenciler, final turnuvas\u0131na kat\u0131lmaya hak kazanacakt\u0131r.<\/p>\t\t\t\t\t\t<\/div>\n\t\t\t\t\t<\/div>\n\t\t\t\t\t\t\t\t\t<div class=\"bdt-ep-accordion-item\">\n\t\t\t\t\t\t<div\t\t\t\t\t\t\tclass=\"bdt-ep-accordion-title bdt-accordion-title bdt-flex bdt-flex-middle bdt-flex-between\" id=\"bdt-ep-accordion-turnuvaya-kimler-katlabilir\"\n\t\t\t\t\t\t\tdata-accordion-index=\"1\" data-title=\"turnuvaya-kimler-kat-labilir\">\n\n\t\t\t\t\t\t\t\t\t\t\t\t\t\t\t<span class=\"bdt-ep-accordion-icon bdt-flex-align-right\"\n\t\t\t\t\t\t\t\t\taria-hidden=\"true\">\n\n\t\t\t\t\t\t\t\t\t\t\t\t\t\t\t\t\t\t\t<span class=\"bdt-ep-accordion-icon-closed\">\n\t\t\t\t\t\t\t\t\t\t\t<i aria-hidden=\"true\" class=\"fa-fw ti ti-plus\"><\/i>\t\t\t\t\t\t\t\t\t\t<\/span>\n\t\t\t\t\t\t\t\t\t\n\t\t\t\t\t\t\t\t\t\t\t\t\t\t\t\t\t\t\t<span class=\"bdt-ep-accordion-icon-opened\">\n\t\t\t\t\t\t\t\t\t\t\t<i aria-hidden=\"true\" class=\"fa-fw ti ti-minus\"><\/i>\t\t\t\t\t\t\t\t\t\t<\/span>\n\t\t\t\t\t\t\t\t\t\n\t\t\t\t\t\t\t\t<\/span>\n\t\t\t\t\t\t\t\n\t\t\t\t\t\t\t<span role=\"heading\" class=\"bdt-ep-title-text bdt-flex-inline bdt-flex-middle\" >\n\n\t\t\t\t\t\t\t\t\t\t\t\t\t\t\t\tTurnirda kimlar ishtirok etishi mumkin?\t\t\t\t\t\t\t<\/span>\n\n\t\t\t\t\t\t<\/div>\n\t\t\t\t\t\t<div class=\"bdt-ep-accordion-content bdt-accordion-content\">\n\t\t\t\t\t\t\t<p class=\"p1\">Turnirda Turkiyadagi davlat va xususiy maktablarda tahsil olayotganlar ishtirok etadilar:<\/p><p class=\"p3\">\u2022Boshlang\u2018ich maktab 1, 2, 3 va 4-sinf o\u2018quvchilari,<\/p><p class=\"p3\">\u2022O\u2018rta maktabning 5, 6, 7 va 8-sinf o\u2018quvchilari ishtirok etishlari mumkin.<\/p><p class=\"p1\">Talabalar o&#039;z sinf darajalariga mos savollar bilan bellashadilar.<\/p>\t\t\t\t\t\t<\/div>\n\t\t\t\t\t<\/div>\n\t\t\t\t\t\t\t\t\t<div class=\"bdt-ep-accordion-item\">\n\t\t\t\t\t\t<div\t\t\t\t\t\t\tclass=\"bdt-ep-accordion-title bdt-accordion-title bdt-flex bdt-flex-middle bdt-flex-between\" id=\"bdt-ep-accordion-bavurular-nasl-yaplr\"\n\t\t\t\t\t\t\tdata-accordion-index=\"2\" data-title=\"ba-vurular-nas-l-yap-l-r\">\n\n\t\t\t\t\t\t\t\t\t\t\t\t\t\t\t<span class=\"bdt-ep-accordion-icon bdt-flex-align-right\"\n\t\t\t\t\t\t\t\t\taria-hidden=\"true\">\n\n\t\t\t\t\t\t\t\t\t\t\t\t\t\t\t\t\t\t\t<span class=\"bdt-ep-accordion-icon-closed\">\n\t\t\t\t\t\t\t\t\t\t\t<i aria-hidden=\"true\" class=\"fa-fw ti ti-plus\"><\/i>\t\t\t\t\t\t\t\t\t\t<\/span>\n\t\t\t\t\t\t\t\t\t\n\t\t\t\t\t\t\t\t\t\t\t\t\t\t\t\t\t\t\t<span class=\"bdt-ep-accordion-icon-opened\">\n\t\t\t\t\t\t\t\t\t\t\t<i aria-hidden=\"true\" class=\"fa-fw ti ti-minus\"><\/i>\t\t\t\t\t\t\t\t\t\t<\/span>\n\t\t\t\t\t\t\t\t\t\n\t\t\t\t\t\t\t\t<\/span>\n\t\t\t\t\t\t\t\n\t\t\t\t\t\t\t<span role=\"heading\" class=\"bdt-ep-title-text bdt-flex-inline bdt-flex-middle\" >\n\n\t\t\t\t\t\t\t\t\t\t\t\t\t\t\t\tQanday murojaat qilish kerak?\t\t\t\t\t\t\t<\/span>\n\n\t\t\t\t\t\t<\/div>\n\t\t\t\t\t\t<div class=\"bdt-ep-accordion-content bdt-accordion-content\">\n\t\t\t\t\t\t\t<p class=\"p1\">Ilovalar, <b>www.bosphorusmath.com<\/b> Bu veb-sayt orqali onlayn amalga oshiriladi. Talabalar yakka tartibda ariza topshirishlari mumkin bo&#039;lsa-da, maktablar ham institut sifatida birgalikda ariza topshirishlari mumkin. Ariza berish jarayoni ma&#039;lum bir to&#039;lov evaziga yakunlanadi va to&#039;lov veb-sayt orqali xavfsiz tarzda amalga oshiriladi.<\/p>\t\t\t\t\t\t<\/div>\n\t\t\t\t\t<\/div>\n\t\t\t\t\t\t\t\t\t<div class=\"bdt-ep-accordion-item\">\n\t\t\t\t\t\t<div\t\t\t\t\t\t\tclass=\"bdt-ep-accordion-title bdt-accordion-title bdt-flex bdt-flex-middle bdt-flex-between\" id=\"bdt-ep-accordion-turnuva-hangi-tarihlerde-dzenlenecek\"\n\t\t\t\t\t\t\tdata-accordion-index=\"3\" data-title=\"turnuva-hangi-tarihlerde-d-zenlenecek\">\n\n\t\t\t\t\t\t\t\t\t\t\t\t\t\t\t<span class=\"bdt-ep-accordion-icon bdt-flex-align-right\"\n\t\t\t\t\t\t\t\t\taria-hidden=\"true\">\n\n\t\t\t\t\t\t\t\t\t\t\t\t\t\t\t\t\t\t\t<span class=\"bdt-ep-accordion-icon-closed\">\n\t\t\t\t\t\t\t\t\t\t\t<i aria-hidden=\"true\" class=\"fa-fw ti ti-plus\"><\/i>\t\t\t\t\t\t\t\t\t\t<\/span>\n\t\t\t\t\t\t\t\t\t\n\t\t\t\t\t\t\t\t\t\t\t\t\t\t\t\t\t\t\t<span class=\"bdt-ep-accordion-icon-opened\">\n\t\t\t\t\t\t\t\t\t\t\t<i aria-hidden=\"true\" class=\"fa-fw ti ti-minus\"><\/i>\t\t\t\t\t\t\t\t\t\t<\/span>\n\t\t\t\t\t\t\t\t\t\n\t\t\t\t\t\t\t\t<\/span>\n\t\t\t\t\t\t\t\n\t\t\t\t\t\t\t<span role=\"heading\" class=\"bdt-ep-title-text bdt-flex-inline bdt-flex-middle\" >\n\n\t\t\t\t\t\t\t\t\t\t\t\t\t\t\t\tTurnir qaysi sanalarda o&#039;tkaziladi?\t\t\t\t\t\t\t<\/span>\n\n\t\t\t\t\t\t<\/div>\n\t\t\t\t\t\t<div class=\"bdt-ep-accordion-content bdt-accordion-content\">\n\t\t\t\t\t\t\t<p>S\u0131nav\u0131n Duyurulmas\u0131: 26 Aral\u0131k 2025, Cuma<\/p><p>Son Kay\u0131t Tarihi: 15 Mart 2026, Pazar<\/p><p>Turnuva Tarihi: 4 Nisan 2026, Cumartesi<\/p><p>Sonu\u00e7lar\u0131n A\u00e7\u0131klanma Tarihi: 17 Nisan 2026, Cuma<\/p><p>Final S\u0131nav\u0131 Ba\u015fvurusu Son Tarih: 10 May\u0131s 2026, Pazar<\/p><p>Final S\u0131nav\u0131 ve \u00d6d\u00fcl Takdim T\u00f6reni: 7 Haziran 2026, Pazar<\/p>\t\t\t\t\t\t<\/div>\n\t\t\t\t\t<\/div>\n\t\t\t\t\t\t\t\t\t<div class=\"bdt-ep-accordion-item\">\n\t\t\t\t\t\t<div\t\t\t\t\t\t\tclass=\"bdt-ep-accordion-title bdt-accordion-title bdt-flex bdt-flex-middle bdt-flex-between\" id=\"bdt-ep-accordion-turnuva-creti-ne-kadar\"\n\t\t\t\t\t\t\tdata-accordion-index=\"4\" data-title=\"turnuva-creti-ne-kadar\">\n\n\t\t\t\t\t\t\t\t\t\t\t\t\t\t\t<span class=\"bdt-ep-accordion-icon bdt-flex-align-right\"\n\t\t\t\t\t\t\t\t\taria-hidden=\"true\">\n\n\t\t\t\t\t\t\t\t\t\t\t\t\t\t\t\t\t\t\t<span class=\"bdt-ep-accordion-icon-closed\">\n\t\t\t\t\t\t\t\t\t\t\t<i aria-hidden=\"true\" class=\"fa-fw ti ti-plus\"><\/i>\t\t\t\t\t\t\t\t\t\t<\/span>\n\t\t\t\t\t\t\t\t\t\n\t\t\t\t\t\t\t\t\t\t\t\t\t\t\t\t\t\t\t<span class=\"bdt-ep-accordion-icon-opened\">\n\t\t\t\t\t\t\t\t\t\t\t<i aria-hidden=\"true\" class=\"fa-fw ti ti-minus\"><\/i>\t\t\t\t\t\t\t\t\t\t<\/span>\n\t\t\t\t\t\t\t\t\t\n\t\t\t\t\t\t\t\t<\/span>\n\t\t\t\t\t\t\t\n\t\t\t\t\t\t\t<span role=\"heading\" class=\"bdt-ep-title-text bdt-flex-inline bdt-flex-middle\" >\n\n\t\t\t\t\t\t\t\t\t\t\t\t\t\t\t\tTurnir narxi qancha?\t\t\t\t\t\t\t<\/span>\n\n\t\t\t\t\t\t<\/div>\n\t\t\t\t\t\t<div class=\"bdt-ep-accordion-content bdt-accordion-content\">\n\t\t\t\t\t\t\t<p class=\"p1\">Shaxsiy ariza to&#039;lovi har bir talaba uchun belgilangan miqdordir. Korporativ ishtirok uchun ommaviy ro&#039;yxatdan o&#039;tish uchun chegirmalar qo&#039;llanilishi mumkin. Ariza to&#039;lovlari va to&#039;lov tartiblari haqida batafsil ma&#039;lumot <b>Ilova<\/b>\u00a0Siz unga sahifadan kirishingiz mumkin.<\/p>\t\t\t\t\t\t<\/div>\n\t\t\t\t\t<\/div>\n\t\t\t\t\t\t\t<\/div>\n\t\t<\/div>\n\t\t\t\t<\/div>\n\t\t\t\t<\/div>\n\t\t\t\t<div class=\"elementor-element elementor-element-10ab4e3a elementor-widget__width-initial elementor-widget-mobile__width-inherit elementor-invisible elementor-widget elementor-widget-bdt-accordion\" data-id=\"10ab4e3a\" data-element_type=\"widget\" data-settings=\"{&quot;_animation&quot;:&quot;fadeInUp&quot;,&quot;_animation_delay&quot;:100}\" data-widget_type=\"bdt-accordion.default\">\n\t\t\t\t<div class=\"elementor-widget-container\">\n\t\t\t\t\t<div class=\"bdt-ep-accordion-container\">\n\t\t\t<div id=\"bdt-ep-accordion-10ab4e3a\" class=\"bdt-ep-accordion bdt-accordion\" data-bdt-accordion=\"{&quot;collapsible&quot;:true,&quot;multiple&quot;:false,&quot;transition&quot;:&quot;ease-in-out&quot;}\" \t\tdata-settings=\"{&quot;id&quot;:&quot;bdt-ep-accordion-10ab4e3a&quot;,&quot;activeHash&quot;:&quot;no&quot;,&quot;activeScrollspy&quot;:null,&quot;hashTopOffset&quot;:false,&quot;hashScrollspyTime&quot;:false}\">\n\t\t\t\t\t\t\t\t\t<div class=\"bdt-ep-accordion-item bdt-open\">\n\t\t\t\t\t\t<div\t\t\t\t\t\t\tclass=\"bdt-ep-accordion-title bdt-accordion-title bdt-flex bdt-flex-middle bdt-flex-between\" id=\"bdt-ep-accordion-turnuva-sorular-nasl-hazrlanyor-ve-puanlamas-nasl-yaplacak\"\n\t\t\t\t\t\t\tdata-accordion-index=\"0\" data-title=\"turnuva-sorular-nas-l-haz-rlan-yor-ve-puanlamas-nas-l-yap-lacak\">\n\n\t\t\t\t\t\t\t\t\t\t\t\t\t\t\t<span class=\"bdt-ep-accordion-icon bdt-flex-align-right\"\n\t\t\t\t\t\t\t\t\taria-hidden=\"true\">\n\n\t\t\t\t\t\t\t\t\t\t\t\t\t\t\t\t\t\t\t<span class=\"bdt-ep-accordion-icon-closed\">\n\t\t\t\t\t\t\t\t\t\t\t<i aria-hidden=\"true\" class=\"fa-fw ti ti-plus\"><\/i>\t\t\t\t\t\t\t\t\t\t<\/span>\n\t\t\t\t\t\t\t\t\t\n\t\t\t\t\t\t\t\t\t\t\t\t\t\t\t\t\t\t\t<span class=\"bdt-ep-accordion-icon-opened\">\n\t\t\t\t\t\t\t\t\t\t\t<i aria-hidden=\"true\" class=\"fa-fw ti ti-minus\"><\/i>\t\t\t\t\t\t\t\t\t\t<\/span>\n\t\t\t\t\t\t\t\t\t\n\t\t\t\t\t\t\t\t<\/span>\n\t\t\t\t\t\t\t\n\t\t\t\t\t\t\t<span role=\"heading\" class=\"bdt-ep-title-text bdt-flex-inline bdt-flex-middle\" >\n\n\t\t\t\t\t\t\t\t\t\t\t\t\t\t\t\tTurnir savollari qanday tayyorlanadi va ular qanday baholanadi?\t\t\t\t\t\t\t<\/span>\n\n\t\t\t\t\t\t<\/div>\n\t\t\t\t\t\t<div class=\"bdt-ep-accordion-content bdt-accordion-content\">\n\t\t\t\t\t\t\t<p class=\"p1\">Turnuva sorular\u0131, \u00a0T\u00fcrkiye\u2019nin \u00f6nde gelen okullar\u0131n\u0131n matematik \u00f6\u011fretmenlerinden olu\u015fan bir bilim kurulu taraf\u0131ndan haz\u0131rlanm\u0131\u015ft\u0131r. Her s\u0131n\u0131f seviyesinde 20 \u00e7oktan se\u00e7meli soru yer alacakt\u0131r. Sorular\u0131n puanlamas\u0131 4, 5 ve 6 puanl\u0131k olacak \u015fekilde ayr\u0131lm\u0131\u015ft\u0131r. Maksimum puan 100\u2019d\u00fcr ve s\u0131nav s\u00fcresi 60 dakikad\u0131r.<\/p>\t\t\t\t\t\t<\/div>\n\t\t\t\t\t<\/div>\n\t\t\t\t\t\t\t\t\t<div class=\"bdt-ep-accordion-item\">\n\t\t\t\t\t\t<div\t\t\t\t\t\t\tclass=\"bdt-ep-accordion-title bdt-accordion-title bdt-flex bdt-flex-middle bdt-flex-between\" id=\"bdt-ep-accordion-snav-merkezi-nasl-olunur\"\n\t\t\t\t\t\t\tdata-accordion-index=\"1\" data-title=\"s-nav-merkezi-nas-l-olunur\">\n\n\t\t\t\t\t\t\t\t\t\t\t\t\t\t\t<span class=\"bdt-ep-accordion-icon bdt-flex-align-right\"\n\t\t\t\t\t\t\t\t\taria-hidden=\"true\">\n\n\t\t\t\t\t\t\t\t\t\t\t\t\t\t\t\t\t\t\t<span class=\"bdt-ep-accordion-icon-closed\">\n\t\t\t\t\t\t\t\t\t\t\t<i aria-hidden=\"true\" class=\"fa-fw ti ti-plus\"><\/i>\t\t\t\t\t\t\t\t\t\t<\/span>\n\t\t\t\t\t\t\t\t\t\n\t\t\t\t\t\t\t\t\t\t\t\t\t\t\t\t\t\t\t<span class=\"bdt-ep-accordion-icon-opened\">\n\t\t\t\t\t\t\t\t\t\t\t<i aria-hidden=\"true\" class=\"fa-fw ti ti-minus\"><\/i>\t\t\t\t\t\t\t\t\t\t<\/span>\n\t\t\t\t\t\t\t\t\t\n\t\t\t\t\t\t\t\t<\/span>\n\t\t\t\t\t\t\t\n\t\t\t\t\t\t\t<span role=\"heading\" class=\"bdt-ep-title-text bdt-flex-inline bdt-flex-middle\" >\n\n\t\t\t\t\t\t\t\t\t\t\t\t\t\t\t\tQanday qilib imtihon markaziga aylanish mumkin?\t\t\t\t\t\t\t<\/span>\n\n\t\t\t\t\t\t<\/div>\n\t\t\t\t\t\t<div class=\"bdt-ep-accordion-content bdt-accordion-content\">\n\t\t\t\t\t\t\t<p class=\"p1\">Imtihon markazlariga aylanishni istagan maktablar ariza topshirishlari va muayyan shartlarga javob berishi kerak. Istanbul, Anqara, Izmir, Bursa, Adana va boshqa viloyatlarda ma&#039;lum miqdordagi imtihon markazlari aniqlanadi. Imtihon markazi bo&#039;lish shartlari ariza beruvchi maktablarga elektron pochta orqali xabar qilinadi. Arizalar qabul qilinadimi yoki yo&#039;qmi, baholashdan so&#039;ng ariza beruvchi maktablarga xabar qilinadi.<\/p>\t\t\t\t\t\t<\/div>\n\t\t\t\t\t<\/div>\n\t\t\t\t\t\t\t\t\t<div class=\"bdt-ep-accordion-item\">\n\t\t\t\t\t\t<div\t\t\t\t\t\t\tclass=\"bdt-ep-accordion-title bdt-accordion-title bdt-flex bdt-flex-middle bdt-flex-between\" id=\"bdt-ep-accordion-turnuva-sonular-nasl-duyurulacak\"\n\t\t\t\t\t\t\tdata-accordion-index=\"2\" data-title=\"turnuva-sonu-lar-nas-l-duyurulacak\">\n\n\t\t\t\t\t\t\t\t\t\t\t\t\t\t\t<span class=\"bdt-ep-accordion-icon bdt-flex-align-right\"\n\t\t\t\t\t\t\t\t\taria-hidden=\"true\">\n\n\t\t\t\t\t\t\t\t\t\t\t\t\t\t\t\t\t\t\t<span class=\"bdt-ep-accordion-icon-closed\">\n\t\t\t\t\t\t\t\t\t\t\t<i aria-hidden=\"true\" class=\"fa-fw ti ti-plus\"><\/i>\t\t\t\t\t\t\t\t\t\t<\/span>\n\t\t\t\t\t\t\t\t\t\n\t\t\t\t\t\t\t\t\t\t\t\t\t\t\t\t\t\t\t<span class=\"bdt-ep-accordion-icon-opened\">\n\t\t\t\t\t\t\t\t\t\t\t<i aria-hidden=\"true\" class=\"fa-fw ti ti-minus\"><\/i>\t\t\t\t\t\t\t\t\t\t<\/span>\n\t\t\t\t\t\t\t\t\t\n\t\t\t\t\t\t\t\t<\/span>\n\t\t\t\t\t\t\t\n\t\t\t\t\t\t\t<span role=\"heading\" class=\"bdt-ep-title-text bdt-flex-inline bdt-flex-middle\" >\n\n\t\t\t\t\t\t\t\t\t\t\t\t\t\t\t\tTurnir natijalari qanday e&#039;lon qilinadi?\t\t\t\t\t\t\t<\/span>\n\n\t\t\t\t\t\t<\/div>\n\t\t\t\t\t\t<div class=\"bdt-ep-accordion-content bdt-accordion-content\">\n\t\t\t\t\t\t\t<p class=\"p1\">\u0130lk a\u015fama turnuva sonu\u00e7lar\u0131 17 Nisan 2026 tarihinde a\u00e7\u0131klanacakt\u0131r. Sonu\u00e7lar, <b>www.bosphorusmath.com<\/b> web sitesinde duyurulacak ve finalist \u00f6\u011frencilere ayr\u0131ca bildirim yap\u0131lacakt\u0131r. Final S\u0131nav\u0131 ve \u00d6d\u00fcl Takdim T\u00f6reni: 7 Haziran 2026, Pazar g\u00fcn\u00fc yap\u0131lacakt\u0131r.<\/p>\t\t\t\t\t\t<\/div>\n\t\t\t\t\t<\/div>\n\t\t\t\t\t\t\t\t\t<div class=\"bdt-ep-accordion-item\">\n\t\t\t\t\t\t<div\t\t\t\t\t\t\tclass=\"bdt-ep-accordion-title bdt-accordion-title bdt-flex bdt-flex-middle bdt-flex-between\" id=\"bdt-ep-accordion-turnuva-hakknda-daha-fazla-bilgiye-nereden-ulaabilirim\"\n\t\t\t\t\t\t\tdata-accordion-index=\"3\" data-title=\"turnuva-hakk-nda-daha-fazla-bilgiye-nereden-ula-abilirim\">\n\n\t\t\t\t\t\t\t\t\t\t\t\t\t\t\t<span class=\"bdt-ep-accordion-icon bdt-flex-align-right\"\n\t\t\t\t\t\t\t\t\taria-hidden=\"true\">\n\n\t\t\t\t\t\t\t\t\t\t\t\t\t\t\t\t\t\t\t<span class=\"bdt-ep-accordion-icon-closed\">\n\t\t\t\t\t\t\t\t\t\t\t<i aria-hidden=\"true\" class=\"fa-fw ti ti-plus\"><\/i>\t\t\t\t\t\t\t\t\t\t<\/span>\n\t\t\t\t\t\t\t\t\t\n\t\t\t\t\t\t\t\t\t\t\t\t\t\t\t\t\t\t\t<span class=\"bdt-ep-accordion-icon-opened\">\n\t\t\t\t\t\t\t\t\t\t\t<i aria-hidden=\"true\" class=\"fa-fw ti ti-minus\"><\/i>\t\t\t\t\t\t\t\t\t\t<\/span>\n\t\t\t\t\t\t\t\t\t\n\t\t\t\t\t\t\t\t<\/span>\n\t\t\t\t\t\t\t\n\t\t\t\t\t\t\t<span role=\"heading\" class=\"bdt-ep-title-text bdt-flex-inline bdt-flex-middle\" >\n\n\t\t\t\t\t\t\t\t\t\t\t\t\t\t\t\tTurnir haqida ko&#039;proq ma&#039;lumotni qayerdan olsam bo&#039;ladi?\t\t\t\t\t\t\t<\/span>\n\n\t\t\t\t\t\t<\/div>\n\t\t\t\t\t\t<div class=\"bdt-ep-accordion-content bdt-accordion-content\">\n\t\t\t\t\t\t\t<p class=\"p1\">Turnir haqida ko&#039;proq ma&#039;lumot olish uchun <b>info@bosphorusmath.com<\/b> Siz +90544 655 98 76 raqamiga qo&#039;ng&#039;iroq qilib turnir jamoasiga elektron xat yuborishingiz yoki bog&#039;lanishingiz mumkin. Shuningdek, bizning veb-saytimizda <b>Qo&#039;llash shartlari<\/b>, <b>TSS<\/b> Va <b>Turnir spetsifikatsiyalari<\/b> Shuningdek, ushbu sahifalarda batafsil ma&#039;lumotlarga kirishingiz mumkin.<\/p>\t\t\t\t\t\t<\/div>\n\t\t\t\t\t<\/div>\n\t\t\t\t\t\t\t<\/div>\n\t\t<\/div>\n\t\t\t\t<\/div>\n\t\t\t\t<\/div>\n\t\t\t\t<section class=\"elementor-section elementor-inner-section elementor-element elementor-element-70638234 elementor-section-boxed elementor-section-height-default elementor-section-height-default elementor-invisible\" data-id=\"70638234\" data-element_type=\"section\" data-settings=\"{&quot;background_background&quot;:&quot;classic&quot;,&quot;animation&quot;:&quot;fadeInUp&quot;,&quot;animation_delay&quot;:300}\">\n\t\t\t\t\t\t<div class=\"elementor-container elementor-column-gap-default\">\n\t\t\t\t\t<div class=\"elementor-column elementor-col-50 elementor-inner-column elementor-element elementor-element-2cd236f0\" data-id=\"2cd236f0\" data-element_type=\"column\">\n\t\t\t<div class=\"elementor-widget-wrap elementor-element-populated\">\n\t\t\t\t\t\t<div class=\"elementor-element elementor-element-4949835a elementor-invisible elementor-widget elementor-widget-heading\" data-id=\"4949835a\" data-element_type=\"widget\" data-settings=\"{&quot;_animation&quot;:&quot;fadeInUp&quot;,&quot;_animation_delay&quot;:550}\" data-widget_type=\"heading.default\">\n\t\t\t\t<div class=\"elementor-widget-container\">\n\t\t\t<h3 class=\"elementor-heading-title elementor-size-default\">Savollaringizga yuqorida javob berilmaganmi?<\/h3>\t\t<\/div>\n\t\t\t\t<\/div>\n\t\t\t\t<div class=\"elementor-element elementor-element-1d8a9109 elementor-invisible elementor-widget elementor-widget-text-editor\" data-id=\"1d8a9109\" data-element_type=\"widget\" data-settings=\"{&quot;_animation&quot;:&quot;fadeInUp&quot;,&quot;_animation_delay&quot;:650}\" data-widget_type=\"text-editor.default\">\n\t\t\t\t<div class=\"elementor-widget-container\">\n\t\t\t\t\t\t\t<p>Biz bilan bog&#039;lanishingiz va har qanday savol va talablaringizni yuborishingiz mumkin.<\/p>\t\t\t\t\t\t<\/div>\n\t\t\t\t<\/div>\n\t\t\t\t\t<\/div>\n\t\t<\/div>\n\t\t\t\t<div class=\"elementor-column elementor-col-50 elementor-inner-column elementor-element elementor-element-69419750\" data-id=\"69419750\" data-element_type=\"column\">\n\t\t\t<div class=\"elementor-widget-wrap elementor-element-populated\">\n\t\t\t\t\t\t<div class=\"elementor-element elementor-element-56de5a3 elementor-align-right elementor-mobile-align-center elementor-invisible elementor-widget elementor-widget-button\" data-id=\"56de5a3\" data-element_type=\"widget\" data-settings=\"{&quot;_animation&quot;:&quot;fadeInRight&quot;,&quot;_animation_delay&quot;:&quot;450&quot;}\" data-widget_type=\"button.default\">\n\t\t\t\t<div class=\"elementor-widget-container\">\n\t\t\t\t\t<div class=\"elementor-button-wrapper\">\n\t\t\t<a class=\"elementor-button elementor-button-link elementor-size-sm\" href=\"https:\/\/bosphorusmath.com\/uz\/iletisim\/\">\n\t\t\t\t\t\t<span class=\"elementor-button-content-wrapper\">\n\t\t\t\t\t\t\t\t\t<span class=\"elementor-button-text\">Aloqa<\/span>\n\t\t\t\t\t<\/span>\n\t\t\t\t\t<\/a>\n\t\t<\/div>\n\t\t\t\t<\/div>\n\t\t\t\t<\/div>\n\t\t\t\t\t<\/div>\n\t\t<\/div>\n\t\t\t\t\t<\/div>\n\t\t<\/section>\n\t\t\t\t\t<\/div>\n\t\t<\/div>\n\t\t\t\t\t<\/div>\n\t\t<\/div>\n\t\t\t\t<\/div>","protected":false},"excerpt":{"rendered":"<p>S\u0131k\u00e7a Sorulan Sorular Uluslararas\u0131 Matematik Turnuvas\u0131 nedir? Uluslararas\u0131 Matematik Turnuvas\u0131, \u00a0matematiksel d\u00fc\u015f\u00fcnme becerilerini te\u015fvik eden ve uluslararas\u0131 d\u00fczeyde \u00f6\u011frencilerin yar\u0131\u015ft\u0131\u011f\u0131 bir matematik [&hellip;]<\/p>","protected":false},"author":1,"featured_media":0,"parent":0,"menu_order":0,"comment_status":"closed","ping_status":"closed","template":"","meta":{"rank_math_lock_modified_date":false,"footnotes":""},"class_list":["post-150","page","type-page","status-publish","hentry"],"_links":{"self":[{"href":"https:\/\/bosphorusmath.com\/uz\/wp-json\/wp\/v2\/pages\/150","targetHints":{"allow":["GET"]}}],"collection":[{"href":"https:\/\/bosphorusmath.com\/uz\/wp-json\/wp\/v2\/pages"}],"about":[{"href":"https:\/\/bosphorusmath.com\/uz\/wp-json\/wp\/v2\/types\/page"}],"author":[{"embeddable":true,"href":"https:\/\/bosphorusmath.com\/uz\/wp-json\/wp\/v2\/users\/1"}],"replies":[{"embeddable":true,"href":"https:\/\/bosphorusmath.com\/uz\/wp-json\/wp\/v2\/comments?post=150"}],"version-history":[{"count":52,"href":"https:\/\/bosphorusmath.com\/uz\/wp-json\/wp\/v2\/pages\/150\/revisions"}],"predecessor-version":[{"id":1779,"href":"https:\/\/bosphorusmath.com\/uz\/wp-json\/wp\/v2\/pages\/150\/revisions\/1779"}],"wp:attachment":[{"href":"https:\/\/bosphorusmath.com\/uz\/wp-json\/wp\/v2\/media?parent=150"}],"curies":[{"name":"wp","href":"https:\/\/api.w.org\/{rel}","templated":true}]}}