{"id":117,"date":"2024-09-21T10:33:02","date_gmt":"2024-09-21T10:33:02","guid":{"rendered":"https:\/\/bosphorusmath.com\/?page_id=117"},"modified":"2026-01-22T12:37:10","modified_gmt":"2026-01-22T12:37:10","slug":"turnuva-sartnamesi","status":"publish","type":"page","link":"https:\/\/bosphorusmath.com\/uz\/turnuva-sartnamesi\/","title":{"rendered":"Turnuva S\u0131nav\u0131 \u015eartnamesi"},"content":{"rendered":"<div data-elementor-type=\"wp-page\" data-elementor-id=\"117\" class=\"elementor elementor-117\" data-elementor-settings=\"{&quot;element_pack_global_tooltip_width&quot;:{&quot;unit&quot;:&quot;px&quot;,&quot;size&quot;:&quot;&quot;,&quot;sizes&quot;:[]},&quot;element_pack_global_tooltip_width_tablet&quot;:{&quot;unit&quot;:&quot;px&quot;,&quot;size&quot;:&quot;&quot;,&quot;sizes&quot;:[]},&quot;element_pack_global_tooltip_width_mobile&quot;:{&quot;unit&quot;:&quot;px&quot;,&quot;size&quot;:&quot;&quot;,&quot;sizes&quot;:[]},&quot;element_pack_global_tooltip_padding&quot;:{&quot;unit&quot;:&quot;px&quot;,&quot;top&quot;:&quot;&quot;,&quot;right&quot;:&quot;&quot;,&quot;bottom&quot;:&quot;&quot;,&quot;left&quot;:&quot;&quot;,&quot;isLinked&quot;:true},&quot;element_pack_global_tooltip_padding_tablet&quot;:{&quot;unit&quot;:&quot;px&quot;,&quot;top&quot;:&quot;&quot;,&quot;right&quot;:&quot;&quot;,&quot;bottom&quot;:&quot;&quot;,&quot;left&quot;:&quot;&quot;,&quot;isLinked&quot;:true},&quot;element_pack_global_tooltip_padding_mobile&quot;:{&quot;unit&quot;:&quot;px&quot;,&quot;top&quot;:&quot;&quot;,&quot;right&quot;:&quot;&quot;,&quot;bottom&quot;:&quot;&quot;,&quot;left&quot;:&quot;&quot;,&quot;isLinked&quot;:true},&quot;element_pack_global_tooltip_border_radius&quot;:{&quot;unit&quot;:&quot;px&quot;,&quot;top&quot;:&quot;&quot;,&quot;right&quot;:&quot;&quot;,&quot;bottom&quot;:&quot;&quot;,&quot;left&quot;:&quot;&quot;,&quot;isLinked&quot;:true},&quot;element_pack_global_tooltip_border_radius_tablet&quot;:{&quot;unit&quot;:&quot;px&quot;,&quot;top&quot;:&quot;&quot;,&quot;right&quot;:&quot;&quot;,&quot;bottom&quot;:&quot;&quot;,&quot;left&quot;:&quot;&quot;,&quot;isLinked&quot;:true},&quot;element_pack_global_tooltip_border_radius_mobile&quot;:{&quot;unit&quot;:&quot;px&quot;,&quot;top&quot;:&quot;&quot;,&quot;right&quot;:&quot;&quot;,&quot;bottom&quot;:&quot;&quot;,&quot;left&quot;:&quot;&quot;,&quot;isLinked&quot;:true}}\">\n\t\t\t\t<div class=\"elementor-element elementor-element-6a41cb3 e-flex e-con-boxed e-con e-parent\" data-id=\"6a41cb3\" data-element_type=\"container\">\n\t\t\t\t\t<div class=\"e-con-inner\">\n\t\t\t\t<div class=\"elementor-element elementor-element-36c7e6d elementor-widget elementor-widget-image\" data-id=\"36c7e6d\" data-element_type=\"widget\" data-widget_type=\"image.default\">\n\t\t\t\t<div class=\"elementor-widget-container\">\n\t\t\t\t\t\t\t\t\t\t\t\t\t<img fetchpriority=\"high\" decoding=\"async\" width=\"709\" height=\"370\" src=\"https:\/\/bosphorusmath.com\/wp-content\/uploads\/2024\/09\/logo.png\" class=\"attachment-large size-large wp-image-82\" alt=\"\" srcset=\"https:\/\/bosphorusmath.com\/wp-content\/uploads\/2024\/09\/logo.png 709w, https:\/\/bosphorusmath.com\/wp-content\/uploads\/2024\/09\/logo-600x313.png 600w, https:\/\/bosphorusmath.com\/wp-content\/uploads\/2024\/09\/logo-300x157.png 300w, https:\/\/bosphorusmath.com\/wp-content\/uploads\/2024\/09\/logo-650x339.png 650w\" sizes=\"(max-width: 709px) 100vw, 709px\" \/>\t\t\t\t\t\t\t\t\t\t\t\t\t<\/div>\n\t\t\t\t<\/div>\n\t\t\t\t<div class=\"elementor-element elementor-element-28f8d55 elementor-widget elementor-widget-text-editor\" data-id=\"28f8d55\" data-element_type=\"widget\" data-widget_type=\"text-editor.default\">\n\t\t\t\t<div class=\"elementor-widget-container\">\n\t\t\t\t\t\t\t<p>ULUSLAR ARASI \u201cBOSPHORUSMATH TOURNAMENT\u201d<\/p><p>D\u00dcZENLEYEN KURUM \u00a0\u00a0\u00a0\u00a0\u00a0\u00a0\u00a0\u00a0\u00a0\u00a0\u00a0\u00a0\u00a0 : \u00a0\u00a0\u00a0\u00a0\u00a0\u00a0\u00a0\u00a0\u00a0 Edunetwork (Okul Yat\u0131r\u0131m\u0131 Kurumsal Dan. Yat. Hiz. San. Tic. Ltd. \u015eti)\u00a0<\/p><p>TURNUVANIN T\u00dcR\u00dc\u00a0 \u00a0 \u00a0 \u00a0 \u00a0 \u00a0 \u00a0 \u00a0 \u00a0 \u00a0:\u00a0 \u00a0 \u00a0 \u00a0 \u00a0 \u00a0Bilgi Yar\u0131\u015fmas\u0131(Matematik)<\/p><p>TURNUVANIN AMACI\u00a0 \u00a0 \u00a0 \u00a0 \u00a0 \u00a0 \u00a0 \u00a0 \u00a0:\u00a0 \u00a0 \u00a0 \u00a0 \u00a0 \u00d6\u011frencilerin Uluslararas\u0131 Matematik Literat\u00fcr\u00fcne ilgi ve\u00a0 kabiliyetlerini <br \/>\u00a0 \u00a0 \u00a0 \u00a0 \u00a0 \u00a0 \u00a0 \u00a0 \u00a0 \u00a0 \u00a0 \u00a0 \u00a0 \u00a0 \u00a0 \u00a0 \u00a0 \u00a0 \u00a0 \u00a0 \u00a0 \u00a0 \u00a0 \u00a0 \u00a0 \u00a0 \u00a0 \u00a0 \u00a0 \u00a0 \u00a0 \u00a0 \u00a0 \u00a0 \u00a0 \u00a0 \u00a0 \u00a0 geli\u015ftirerek gerekli bilgi, beceri, davran\u0131\u015f ve birlikte i\u015f g\u00f6rme al\u0131\u015fkanl\u0131\u011f\u0131 <br \/>\u00a0 \u00a0 \u00a0 \u00a0 \u00a0 \u00a0 \u00a0 \u00a0 \u00a0 \u00a0 \u00a0 \u00a0 \u00a0 \u00a0 \u00a0 \u00a0 \u00a0 \u00a0 \u00a0 \u00a0 \u00a0 \u00a0 \u00a0 \u00a0 \u00a0 \u00a0 \u00a0 \u00a0 \u00a0 \u00a0 \u00a0 \u00a0 \u00a0 \u00a0 \u00a0 \u00a0 \u00a0 \u00a0 kazand\u0131rmak suretiyle hayata haz\u0131rlamak ve onlar\u0131n kendilerini mutlu <br \/>\u00a0 \u00a0 \u00a0 \u00a0 \u00a0 \u00a0 \u00a0 \u00a0 \u00a0 \u00a0 \u00a0 \u00a0 \u00a0 \u00a0 \u00a0 \u00a0 \u00a0 \u00a0 \u00a0 \u00a0 \u00a0 \u00a0 \u00a0 \u00a0 \u00a0 \u00a0 \u00a0 \u00a0 \u00a0 \u00a0 \u00a0 \u00a0 \u00a0 \u00a0 \u00a0 \u00a0 \u00a0 \u00a0 k\u0131lacak ve toplumun mutlulu\u011funa katk\u0131da bulunacak bir birey olmalar\u0131n\u0131 <br \/>\u00a0 \u00a0 \u00a0 \u00a0 \u00a0 \u00a0 \u00a0 \u00a0 \u00a0 \u00a0 \u00a0 \u00a0 \u00a0 \u00a0 \u00a0 \u00a0 \u00a0 \u00a0 \u00a0 \u00a0 \u00a0 \u00a0 \u00a0 \u00a0 \u00a0 \u00a0 \u00a0 \u00a0 \u00a0 \u00a0 \u00a0 \u00a0 \u00a0 \u00a0 \u00a0 \u00a0 \u00a0 \u00a0 sa\u011flamak, b\u00f6ylece bir yandan toplumunun refah ve mutlulu\u011funu art\u0131rmak <br \/>\u00a0 \u00a0 \u00a0 \u00a0 \u00a0 \u00a0 \u00a0 \u00a0 \u00a0 \u00a0 \u00a0 \u00a0 \u00a0 \u00a0 \u00a0 \u00a0 \u00a0 \u00a0 \u00a0 \u00a0 \u00a0 \u00a0 \u00a0 \u00a0 \u00a0 \u00a0 \u00a0 \u00a0 \u00a0 \u00a0 \u00a0 \u00a0 \u00a0 \u00a0 \u00a0 \u00a0 \u00a0 \u00a0 \u00f6te yandan iktisadi, sosyal ve k\u00fclt\u00fcrel kalk\u0131nmay\u0131 desteklemek, <br \/>\u00a0 \u00a0 \u00a0 \u00a0 \u00a0 \u00a0 \u00a0 \u00a0 \u00a0 \u00a0 \u00a0 \u00a0 \u00a0 \u00a0 \u00a0 \u00a0 \u00a0 \u00a0 \u00a0 \u00a0 \u00a0 \u00a0 \u00a0 \u00a0 \u00a0 \u00a0 \u00a0 \u00a0 \u00a0 \u00a0 \u00a0 \u00a0 \u00a0 \u00a0 \u00a0 \u00a0 \u00a0 \u00a0h\u0131zland\u0131rmak ve nihayet \u00f6\u011frencileri \u00e7a\u011fda\u015f uygarl\u0131\u011f\u0131n yap\u0131c\u0131,yarat\u0131c\u0131, se\u00e7kin <br \/>\u00a0 \u00a0 \u00a0 \u00a0 \u00a0 \u00a0 \u00a0 \u00a0 \u00a0 \u00a0 \u00a0 \u00a0 \u00a0 \u00a0 \u00a0 \u00a0 \u00a0 \u00a0 \u00a0 \u00a0 \u00a0 \u00a0 \u00a0 \u00a0 \u00a0 \u00a0 \u00a0 \u00a0 \u00a0 \u00a0 \u00a0 \u00a0 \u00a0 \u00a0 \u00a0 \u00a0 \u00a0 \u00a0bir orta\u011f\u0131 yapmakt\u0131r.<\/p><p>TURNUVA KATILIMCI GRUBU\u00a0\u00a0\u00a0 :\u00a0 \u00a0 \u00a0Resmi ve \u00d6zel Okullarda \u00f6\u011frenim g\u00f6ren, \u0130lkokul 1,2,3,4.s\u0131n\u0131f \u00f6\u011frencileri. Ortaokul 5,6,7,8.s\u0131n\u0131f \u00f6\u011frencileri.<\/p><h5>TURNUVA TAKV\u0130M\u0130<\/h5><p>S\u0131nav\u0131n Duyurulmas\u0131: 26 Aral\u0131k 2025, Cuma<\/p><p>Son Kay\u0131t Tarihi: 15 Mart 2026, Pazar<\/p><p>Turnuva Tarihi: 4 Nisan 2026, Cumartesi<\/p><p>Sonu\u00e7lar\u0131n A\u00e7\u0131klanma Tarihi: 17 Nisan 2026, Cuma<\/p><p>Final S\u0131nav\u0131 Ba\u015fvurusu Son Tarih: 10 May\u0131s 2026, Pazar<\/p><p>Final S\u0131nav\u0131 ve \u00d6d\u00fcl Takdim T\u00f6reni: 7 Haziran 2026, Pazar<\/p><p>KO\u015eULLAR\u00a0\u00a0\u00a0\u00a0\u00a0\u00a0\u00a0\u00a0\u00a0\u00a0\u00a0\u00a0\u00a0\u00a0\u00a0\u00a0\u00a0\u00a0\u00a0\u00a0\u00a0\u00a0\u00a0\u00a0\u00a0\u00a0\u00a0\u00a0\u00a0\u00a0\u00a0 :\u00a0 \u00a0 \u00a0 \u00a0 \u00a0 \u00a0 \u00a0 \u00a0 \u00a0 \u00a0 \u00a0 \u00a0 \u00a0 \u00a0Final S\u0131nav\u0131na Sadece \u0130lk S\u0131navda \u0130lk 10 \u00f6\u011frenci aras\u0131na girmi\u015f \u00f6\u011frenciler kat\u0131labilir. <br \/>Sorular \u00a0\u00a0\u00a0\u00a0\u00a0\u00a0\u00a0\u00a0\u00a0\u00a0\u00a0\u00a0\u00a0\u00a0\u00a0\u00a0\u00a0\u00a0\u00a0\u00a0\u00a0\u00a0\u00a0\u00a0\u00a0\u00a0\u00a0\u00a0\u00a0\u00a0\u00a0\u00a0\u00a0\u00a0\u00a0 :\u00a0 \u00a0 \u00a0 \u00a0 \u00a0 \u00a0 \u00a0 \u00a0 \u00a0 \u00a0 \u00a0 \u00a0 \u00a0 \u00a0 \u00a0 Her S\u0131n\u0131f Seviyesinde 20 \u00c7oktan Se\u00e7meli Soru Yer alacakt\u0131r.<br \/>\u00a0 \u00a0 \u00a0 \u00a0 \u00a0 \u00a0 \u00a0 \u00a0 \u00a0 \u00a0 \u00a0 \u00a0 \u00a0 \u00a0 \u00a0 \u00a0 \u00a0 \u00a0 \u00a0 \u00a0 \u00a0 \u00a0 \u00a0 \u00a0 \u00a0 \u00a0 \u00a0 \u00a0 \u00a0 \u00a0 \u00a0 \u00a0 \u00a0 \u00a0 \u00a0 \u00a0 \u00a0 \u00a0 \u00a0 \u00a0 \u00a0 \u00a0 \u00a0 En Y\u00fcksek S\u0131nav Puan\u0131 100\u2019d\u00fcr. S\u0131nav S\u00fcresi 60 Dakikad\u0131r. <br \/>\u00a0 \u00a0 \u00a0 \u00a0 \u00a0 \u00a0 \u00a0 \u00a0 \u00a0 \u00a0 \u00a0 \u00a0 \u00a0 \u00a0 \u00a0 \u00a0 \u00a0 \u00a0 \u00a0 \u00a0 \u00a0 \u00a0 \u00a0 \u00a0 \u00a0 \u00a0 \u00a0 \u00a0 \u00a0 \u00a0 \u00a0 \u00a0 \u00a0 \u00a0 \u00a0 \u00a0 \u00a0 \u00a0 \u00a0 \u00a0 \u00a0 \u00a0 \u00a0 *Her s\u0131n\u0131f seviyesinde <strong><em><u>85 Puan ve \u00fczerinde puan alan ilk 3 \u00f6\u011frenci<\/u><\/em><\/strong> <br \/>\u00a0 \u00a0 \u00a0 \u00a0 \u00a0 \u00a0 \u00a0 \u00a0 \u00a0 \u00a0 \u00a0 \u00a0 \u00a0 \u00a0 \u00a0 \u00a0 \u00a0 \u00a0 \u00a0 \u00a0 \u00a0 \u00a0 \u00a0 \u00a0 \u00a0 \u00a0 \u00a0 \u00a0 \u00a0 \u00a0 \u00a0 \u00a0 \u00a0 \u00a0 \u00a0 \u00a0 \u00a0 \u00a0 \u00a0 \u00a0 \u00a0 \u00a0 \u00a0 \u201cE\u011fitim Deste\u011fi Seti\u201d ile \u00f6d\u00fcllendirilecektir.<\/p><p>Kay\u0131tlar Nas\u0131l Yap\u0131lacak?\u00a0\u00a0\u00a0\u00a0\u00a0\u00a0\u00a0\u00a0\u00a0\u00a0\u00a0 : \u00a0\u00a0\u00a0\u00a0\u00a0\u00a0\u00a0\u00a0\u00a0 www.bosphorusmath.com internet sitesinden online olarak ger\u00e7ekle\u015ftirilecektir.<\/p><p>\u00d6d\u00fcller:<\/p><p>1.lik \u00d6d\u00fcl\u00fc: Madalya \u2013 E\u011fitim Seti \u2013 Tablet PC<\/p><p>2.lik \u00d6d\u00fcl\u00fc: Madalya \u2013 E\u011fitim Seti \u2013 Ak\u0131ll\u0131 Saat<\/p><p>3.l\u00fck \u00d6d\u00fcl\u00fc: Madalya \u2013 E\u011fitim Seti \u2013 Kulakl\u0131k<\/p>\t\t\t\t\t\t<\/div>\n\t\t\t\t<\/div>\n\t\t\t\t\t<\/div>\n\t\t\t\t<\/div>\n\t\t\t\t<\/div>","protected":false},"excerpt":{"rendered":"<p>ULUSLAR ARASI \u201cBOSPHORUSMATH TOURNAMENT\u201d D\u00dcZENLEYEN KURUM \u00a0\u00a0\u00a0\u00a0\u00a0\u00a0\u00a0\u00a0\u00a0\u00a0\u00a0\u00a0\u00a0 : \u00a0\u00a0\u00a0\u00a0\u00a0\u00a0\u00a0\u00a0\u00a0 Edunetwork (Okul Yat\u0131r\u0131m\u0131 Kurumsal Dan. Yat. Hiz. San. Tic. Ltd. \u015eti)\u00a0 TURNUVANIN T\u00dcR\u00dc\u00a0 [&hellip;]<\/p>","protected":false},"author":1,"featured_media":0,"parent":0,"menu_order":0,"comment_status":"closed","ping_status":"closed","template":"","meta":{"rank_math_lock_modified_date":false,"footnotes":""},"class_list":["post-117","page","type-page","status-publish","hentry"],"_links":{"self":[{"href":"https:\/\/bosphorusmath.com\/uz\/wp-json\/wp\/v2\/pages\/117","targetHints":{"allow":["GET"]}}],"collection":[{"href":"https:\/\/bosphorusmath.com\/uz\/wp-json\/wp\/v2\/pages"}],"about":[{"href":"https:\/\/bosphorusmath.com\/uz\/wp-json\/wp\/v2\/types\/page"}],"author":[{"embeddable":true,"href":"https:\/\/bosphorusmath.com\/uz\/wp-json\/wp\/v2\/users\/1"}],"replies":[{"embeddable":true,"href":"https:\/\/bosphorusmath.com\/uz\/wp-json\/wp\/v2\/comments?post=117"}],"version-history":[{"count":30,"href":"https:\/\/bosphorusmath.com\/uz\/wp-json\/wp\/v2\/pages\/117\/revisions"}],"predecessor-version":[{"id":1760,"href":"https:\/\/bosphorusmath.com\/uz\/wp-json\/wp\/v2\/pages\/117\/revisions\/1760"}],"wp:attachment":[{"href":"https:\/\/bosphorusmath.com\/uz\/wp-json\/wp\/v2\/media?parent=117"}],"curies":[{"name":"wp","href":"https:\/\/api.w.org\/{rel}","templated":true}]}}