{"id":1350,"date":"2025-02-24T09:22:20","date_gmt":"2025-02-24T09:22:20","guid":{"rendered":"https:\/\/bosphorusmath.com\/?post_type=product&#038;p=1350"},"modified":"2025-02-24T09:46:28","modified_gmt":"2025-02-24T09:46:28","slug":"final-sinavi","status":"publish","type":"product","link":"https:\/\/bosphorusmath.com\/sq\/product\/final-sinavi\/","title":{"rendered":"Final S\u0131nav\u0131"},"content":{"rendered":"","protected":false},"excerpt":{"rendered":"<p><em>*Final s\u0131nav\u0131 ba\u015fvurusu yaln\u0131zca finale kalan \u00f6\u011frenciler taraf\u0131ndan yap\u0131labilir. Finale kalmad\u0131ysan\u0131z, l\u00fctfen ba\u015fvuruda bulunmay\u0131n\u0131z. Bu durumda yap\u0131lan ba\u015fvurular i\u015fleme al\u0131nmayacakt\u0131r. Te\u015fekk\u00fcr ederiz.<\/em><\/p>","protected":false},"featured_media":1356,"comment_status":"closed","ping_status":"closed","template":"","meta":{"rank_math_lock_modified_date":false},"product_cat":[19],"product_tag":[],"class_list":{"0":"post-1350","1":"product","2":"type-product","3":"status-publish","4":"has-post-thumbnail","6":"product_cat-uncategorized","7":"wcpa_has_options","9":"first","10":"instock","11":"virtual","12":"purchasable","13":"product-type-simple"},"wcpa_form_fields":{"wcpaData":{"product":{"product_price":1920,"price_html":"<span class=\"woocommerce-Price-amount amount\"><bdi><span class=\"woocommerce-Price-currencySymbol\">&#8378;<\/span>1.920,00<\/bdi><\/span>","original_product_price":1920,"price_including_tax":1920,"price_excluding_tax":1920,"product_id":{"parent":1350,"variation":false},"is_variable":false,"stock_status":"instock","stock_quantity":null,"parent_sku":"","product_attributes":[],"custom_fields":[],"is_taxable":false,"product_name":"Final S\u0131nav\u0131"},"fields":{"sec_366f28c5292957":{"extra":{"key":"sec_366f28c5292957","section_id":"sec_366f28c5292957","name":"Default","status":1,"cl_rule":"show","enableCl":false,"relations":[],"toggle":true,"title_tag":"h3","show_title":false,"showPrice":"default","form_id":403,"form_rules":{"exclude_from_discount":false,"fee_label":"Fee","disp_hide_options_price":false,"disp_show_section_price":false,"disp_show_field_price":true,"layout_option":"standard","pric_use_as_fee":false,"process_fee_as":"woo_fee"},"layout_option":"standard"},"fields":[[{"active":true,"col":6,"relations":false,"cl_rule":"show","enableCl":false,"price":"","enablePrice":false,"className":"","label_position":"default","desc_position":"default","type":"text","subtype":"text","required":true,"elementId":"text_1717041261","label":"\u00d6\u011frenci Ad\u0131 Soyad\u0131","name":"text_1717041261","value":"","error":false,"requiredError":"Bu alan bo\u015f ge\u00e7ilemez","gt_translate_keys":["label","value","requiredError"],"price_dependency":false,"cl_dependency":false}],[{"active":true,"col":6,"relations":false,"cl_rule":"show","enableCl":false,"price":"","enablePrice":false,"className":"","label_position":"default","desc_position":"default","type":"number","required":false,"elementId":"number_5721936411","label":"\u00d6\u011frenci Kimlik Numaras\u0131","name":"number_5721936411","value":"","error":false,"description":"Bu alan sadece T.C. vatanda\u015flar\u0131 i\u00e7in zorunludur!","tooltip":"","gt_translate_keys":["label","description","value","tooltip"],"price_dependency":false,"cl_dependency":false}],[{"label":"Okulun Ad\u0131","active":true,"required":true,"elementId":"text-9318672323","value":"","name":"text-9318672323","label_position":"default","desc_position":"default","enablePrice":false,"className":"","enableCl":false,"relations":false,"subtype":"text","price":"","cl_rule":"show","col":6,"type":"text","error":false,"requiredError":"Bu alan bo\u015f ge\u00e7ilemez","gt_translate_keys":["label","value","requiredError"],"price_dependency":false,"cl_dependency":false}],[{"active":true,"col":6,"relations":false,"cl_rule":"show","enableCl":false,"price":"","enablePrice":false,"className":"","label_position":"default","desc_position":"default","type":"radio-group","required":true,"elementId":"radio_1742726268","label":"Okul T\u00fcr\u00fc","name":"radio_1742726268","values":[{"label":"Ulusal Okul","value":"Option - 1","selected":false,"tempId":"aco_407","gt_translate_keys":["label"]},{"label":"Uluslararas\u0131 Okul","value":"Option - 2","selected":false,"tempId":"aco_408","gt_translate_keys":["label"]}],"layOut":"inline","error":false,"checkUi":"","requiredError":"Bu alan bo\u015f ge\u00e7ilemez","gt_translate_keys":["label","requiredError"],"price_dependency":false,"cl_dependency":false,"value":""}],[{"label":"\u00d6\u011frenci S\u0131n\u0131f\u0131","active":true,"required":true,"elementId":"radio-group-1776705671","name":"radio-group-1776705671","label_position":"default","desc_position":"default","enablePrice":false,"className":"","enableCl":false,"relations":false,"checkUi":"","layOut":"col-4","values":[{"label":"1. S\u0131n\u0131f","value":"1","selected":false,"tempId":"aco_407","gt_translate_keys":["label"]},{"label":"2. S\u0131n\u0131f","value":"2","selected":false,"tempId":"aco_408","gt_translate_keys":["label"]},{"label":"3. S\u0131n\u0131f","value":"3","selected":false,"tempId":"aco_1176","gt_translate_keys":["label"]},{"label":"4. S\u0131n\u0131f","value":"4","selected":false,"tempId":"aco_1197","gt_translate_keys":["label"]},{"label":"5. S\u0131n\u0131f","value":"5","selected":false,"tempId":"aco_1207","gt_translate_keys":["label"]},{"label":"6. S\u0131n\u0131f","value":"6","selected":false,"tempId":"aco_1217","gt_translate_keys":["label"]},{"label":"7. S\u0131n\u0131f","value":"7","selected":false,"tempId":"aco_1227","gt_translate_keys":["label"]},{"label":"8. S\u0131n\u0131f","value":"8","selected":false,"tempId":"aco_1399","gt_translate_keys":["label"]}],"price":"","cl_rule":"show","col":6,"type":"radio-group","error":false,"requiredError":"Bu alan bo\u015f ge\u00e7ilemez","gt_translate_keys":["label","requiredError"],"price_dependency":false,"cl_dependency":false,"value":""}],[{"active":true,"col":6,"relations":false,"cl_rule":"show","enableCl":false,"price":"","enablePrice":false,"className":"","label_position":"default","desc_position":"default","type":"radio-group","required":true,"elementId":"radio_8422091441","label":"\u00dclke Se\u00e7imi","name":"radio_8422091441","values":[{"label":"Azerbaycan","value":"az","selected":false,"tempId":"aco_1604","pimage":"https:\/\/bosphorusmath.com\/wp-content\/uploads\/2024\/09\/Flag_of_Azerbaijan.svg.png","pthumb":"https:\/\/bosphorusmath.com\/wp-content\/uploads\/2024\/09\/Flag_of_Azerbaijan.svg-150x150.png","pimage_id":361,"gt_translate_keys":["label"]},{"label":"Macaristan ","value":"mc","selected":false,"tempId":"aco_1605","pimage":"https:\/\/bosphorusmath.com\/wp-content\/uploads\/2024\/09\/Flag_of_Hungary.svg.png","pthumb":"https:\/\/bosphorusmath.com\/wp-content\/uploads\/2024\/09\/Flag_of_Hungary.svg-150x150.png","pimage_id":365,"gt_translate_keys":["label"]},{"label":"Kazakistan ","value":"kz","selected":false,"tempId":"aco_1606","pimage":"https:\/\/bosphorusmath.com\/wp-content\/uploads\/2024\/09\/Flag_of_Kazakhstan.svg.png","pthumb":"https:\/\/bosphorusmath.com\/wp-content\/uploads\/2024\/09\/Flag_of_Kazakhstan.svg-150x150.png","pimage_id":364,"gt_translate_keys":["label"]},{"label":"K\u0131rg\u0131zistan","value":"kr","selected":false,"tempId":"aco_1796","pimage":"https:\/\/bosphorusmath.com\/wp-content\/uploads\/2024\/09\/Flag_of_Kyrgyzstan.svg.png","pthumb":"https:\/\/bosphorusmath.com\/wp-content\/uploads\/2024\/09\/Flag_of_Kyrgyzstan.svg-150x150.png","pimage_id":363,"gt_translate_keys":["label"]},{"label":"\u00d6zbekistan","value":"oz","selected":false,"tempId":"aco_1806","pimage":"https:\/\/bosphorusmath.com\/wp-content\/uploads\/2024\/09\/Flag_of_Uzbekistan.svg.png","pthumb":"https:\/\/bosphorusmath.com\/wp-content\/uploads\/2024\/09\/Flag_of_Uzbekistan.svg-150x150.png","pimage_id":362,"gt_translate_keys":["label"]},{"label":"KKTC","value":"kktc","selected":false,"tempId":"aco_1816","pimage":"https:\/\/bosphorusmath.com\/wp-content\/uploads\/2024\/09\/Flag_of_the_Turkish_Republic_of_Northern_Cyprus.svg.png","pthumb":"https:\/\/bosphorusmath.com\/wp-content\/uploads\/2024\/09\/Flag_of_the_Turkish_Republic_of_Northern_Cyprus.svg-150x150.png","pimage_id":360,"gt_translate_keys":["label"]},{"label":"T\u00fcrkiye","value":"tc","selected":false,"tempId":"aco_2159","pimage":"https:\/\/bosphorusmath.com\/wp-content\/uploads\/2024\/09\/Flag_of_Turkey.svg.webp","pthumb":"https:\/\/bosphorusmath.com\/wp-content\/uploads\/2024\/09\/Flag_of_Turkey.svg-150x150.webp","pimage_id":359,"gt_translate_keys":["label"]},{"label":"Kosova","value":"ks","selected":false,"tempId":"aco_2250","pimage":"https:\/\/bosphorusmath.com\/wp-content\/uploads\/2024\/09\/Flag_of_Kosovo.svg-1.png","pthumb":"https:\/\/bosphorusmath.com\/wp-content\/uploads\/2024\/09\/Flag_of_Kosovo.svg-1-150x150.png","pimage_id":373,"gt_translate_keys":["label"]}],"layOut":"col-3","error":false,"checkUi":"","enable_product_image":false,"enableDesign":false,"other":false,"requiredError":"Bu alan bo\u015f ge\u00e7ilemez","gt_translate_keys":["label","requiredError"],"price_dependency":false,"cl_dependency":false,"value":""}],[{"label":"\u015eehir","active":true,"required":true,"elementId":"text-1718160154","value":"","name":"text-1718160154","label_position":"default","desc_position":"default","enablePrice":false,"className":"","enableCl":false,"relations":false,"subtype":"text","price":"","cl_rule":"show","col":6,"type":"text","error":false,"requiredError":"Bu alan bo\u015f ge\u00e7ilemez","gt_translate_keys":["label","value","requiredError"],"price_dependency":false,"cl_dependency":false}],[{"active":true,"col":6,"relations":false,"cl_rule":"show","enableCl":false,"price":"","enablePrice":false,"className":"","label_position":"default","desc_position":"default","type":"email","required":true,"elementId":"email_9569102396","label":"Ba\u015fvuru Sahibi E-posta ","name":"email_9569102396","value":"","allow_multiple":false,"error":false,"requiredError":"Bu alan bo\u015f ge\u00e7ilemez","gt_translate_keys":["label","value","requiredError"],"price_dependency":false,"cl_dependency":false}],[{"active":true,"col":6,"relations":false,"cl_rule":"show","enableCl":false,"price":"","enablePrice":false,"className":"","label_position":"default","desc_position":"default","type":"number","required":true,"elementId":"number_9740742661","label":"Telefon Numaras\u0131","name":"number_9740742661","value":"","error":false,"requiredError":"Bu alan bo\u015f ge\u00e7ilemez","gt_translate_keys":["label","value","requiredError"],"price_dependency":false,"cl_dependency":false}]]}},"config":{"price_override":"","enable_recaptcha":false,"bind_quantity":false,"quantity_bind_formula":false,"disp_summ_show_option_price":true,"disp_summ_show_product_price":true,"disp_summ_show_total_price":true,"disp_summ_show_fee":false,"disp_summ_show_discount":false,"summary_title":"","options_total_label":"Options Price","total_label":"Total","options_product_label":"Product Price","fee_label":"Fee","discount_label":"Discount","has_price":true,"has_quantity_formula":false},"mc_unit":1,"tax_rate":1,"tax_rate_real":1,"discount":{"percentage":0,"fixed":0},"design":{"conf":{"LabelPosition":"above","DescPosition":"above","UploadField":"custom_1","QuantityFieldStyle":"default"},"css":{"LeftLabelWidth":"120px"}},"formulas":[],"clones":false,"cartKey":false}},"_links":{"self":[{"href":"https:\/\/bosphorusmath.com\/sq\/wp-json\/wp\/v2\/product\/1350","targetHints":{"allow":["GET"]}}],"collection":[{"href":"https:\/\/bosphorusmath.com\/sq\/wp-json\/wp\/v2\/product"}],"about":[{"href":"https:\/\/bosphorusmath.com\/sq\/wp-json\/wp\/v2\/types\/product"}],"replies":[{"embeddable":true,"href":"https:\/\/bosphorusmath.com\/sq\/wp-json\/wp\/v2\/comments?post=1350"}],"wp:featuredmedia":[{"embeddable":true,"href":"https:\/\/bosphorusmath.com\/sq\/wp-json\/wp\/v2\/media\/1356"}],"wp:attachment":[{"href":"https:\/\/bosphorusmath.com\/sq\/wp-json\/wp\/v2\/media?parent=1350"}],"wp:term":[{"taxonomy":"product_cat","embeddable":true,"href":"https:\/\/bosphorusmath.com\/sq\/wp-json\/wp\/v2\/product_cat?post=1350"},{"taxonomy":"product_tag","embeddable":true,"href":"https:\/\/bosphorusmath.com\/sq\/wp-json\/wp\/v2\/product_tag?post=1350"}],"curies":[{"name":"wp","href":"https:\/\/api.w.org\/{rel}","templated":true}]}}