{"id":74,"date":"2023-06-07T14:25:40","date_gmt":"2023-06-07T14:25:40","guid":{"rendered":"https:\/\/bosphorusmath.com\/index.php\/about-us\/"},"modified":"2026-02-13T14:08:05","modified_gmt":"2026-02-13T14:08:05","slug":"hakkimizda","status":"publish","type":"page","link":"https:\/\/bosphorusmath.com\/en\/hakkimizda\/","title":{"rendered":"About Us"},"content":{"rendered":"<div data-elementor-type=\"wp-page\" data-elementor-id=\"74\" class=\"elementor elementor-74\" data-elementor-settings=\"{&quot;element_pack_global_tooltip_width&quot;:{&quot;unit&quot;:&quot;px&quot;,&quot;size&quot;:&quot;&quot;,&quot;sizes&quot;:[]},&quot;element_pack_global_tooltip_width_tablet&quot;:{&quot;unit&quot;:&quot;px&quot;,&quot;size&quot;:&quot;&quot;,&quot;sizes&quot;:[]},&quot;element_pack_global_tooltip_width_mobile&quot;:{&quot;unit&quot;:&quot;px&quot;,&quot;size&quot;:&quot;&quot;,&quot;sizes&quot;:[]},&quot;element_pack_global_tooltip_padding&quot;:{&quot;unit&quot;:&quot;px&quot;,&quot;top&quot;:&quot;&quot;,&quot;right&quot;:&quot;&quot;,&quot;bottom&quot;:&quot;&quot;,&quot;left&quot;:&quot;&quot;,&quot;isLinked&quot;:true},&quot;element_pack_global_tooltip_padding_tablet&quot;:{&quot;unit&quot;:&quot;px&quot;,&quot;top&quot;:&quot;&quot;,&quot;right&quot;:&quot;&quot;,&quot;bottom&quot;:&quot;&quot;,&quot;left&quot;:&quot;&quot;,&quot;isLinked&quot;:true},&quot;element_pack_global_tooltip_padding_mobile&quot;:{&quot;unit&quot;:&quot;px&quot;,&quot;top&quot;:&quot;&quot;,&quot;right&quot;:&quot;&quot;,&quot;bottom&quot;:&quot;&quot;,&quot;left&quot;:&quot;&quot;,&quot;isLinked&quot;:true},&quot;element_pack_global_tooltip_border_radius&quot;:{&quot;unit&quot;:&quot;px&quot;,&quot;top&quot;:&quot;&quot;,&quot;right&quot;:&quot;&quot;,&quot;bottom&quot;:&quot;&quot;,&quot;left&quot;:&quot;&quot;,&quot;isLinked&quot;:true},&quot;element_pack_global_tooltip_border_radius_tablet&quot;:{&quot;unit&quot;:&quot;px&quot;,&quot;top&quot;:&quot;&quot;,&quot;right&quot;:&quot;&quot;,&quot;bottom&quot;:&quot;&quot;,&quot;left&quot;:&quot;&quot;,&quot;isLinked&quot;:true},&quot;element_pack_global_tooltip_border_radius_mobile&quot;:{&quot;unit&quot;:&quot;px&quot;,&quot;top&quot;:&quot;&quot;,&quot;right&quot;:&quot;&quot;,&quot;bottom&quot;:&quot;&quot;,&quot;left&quot;:&quot;&quot;,&quot;isLinked&quot;:true}}\">\n\t\t\t\t\t\t<div class=\"elementor-section elementor-top-section elementor-element elementor-element-540527b elementor-reverse-mobile elementor-section-boxed elementor-section-height-default elementor-section-height-default\" data-id=\"540527b\" data-element_type=\"section\" data-settings=\"{&quot;background_background&quot;:&quot;classic&quot;}\">\n\t\t\t\t\t\t<div class=\"elementor-container elementor-column-gap-default\">\n\t\t\t\t\t<div class=\"elementor-column elementor-col-50 elementor-top-column elementor-element elementor-element-caf2159\" data-id=\"caf2159\" data-element_type=\"column\">\n\t\t\t<div class=\"elementor-widget-wrap elementor-element-populated\">\n\t\t\t\t\t\t<div class=\"elementor-element elementor-element-420bddb elementor-widget elementor-widget-heading\" data-id=\"420bddb\" data-element_type=\"widget\" data-widget_type=\"heading.default\">\n\t\t\t\t<div class=\"elementor-widget-container\">\n\t\t\t<h1 class=\"elementor-heading-title elementor-size-default\">About Us<\/h1>\t\t<\/div>\n\t\t\t\t<\/div>\n\t\t\t\t<div class=\"elementor-element elementor-element-9822742 elementor-widget__width-initial elementor-widget-tablet__width-initial elementor-widget-mobile__width-inherit elementor-widget elementor-widget-text-editor\" data-id=\"9822742\" data-element_type=\"widget\" data-widget_type=\"text-editor.default\">\n\t\t\t\t<div class=\"elementor-widget-container\">\n\t\t\t\t\t\t\t<p>Bu y\u0131l ikincisi d\u00fczenlenen Uluslararas\u0131 Matematik Turnuvas\u0131 T\u00fcrkiye, T\u00fcrk Devletleri Te\u015fkilat\u0131na \u00dcye \u00dclkeler ile Kosova\u2019da e\u015f zamanl\u0131 olarak ve y\u00fcz y\u00fcze ger\u00e7ekle\u015ftirilecektir.<\/p><p>Welcome to the first International Turkish Mathematics Tournament, organized in cooperation with universities and schools, which aims to raise generations that think and criticize, with high reasoning skills, and that emphasizes the concepts of scientific research, creative and mathematical thinking.<\/p><p>T\u00fcrkiye\u2019nin en prestijli okullar\u0131ndan Bilim Kurulu \u00fcyeleri taraf\u0131ndan haz\u0131rlanan sorularla, T\u00fcrkiye\u2019nin en prestijli \u00fcniversitesini bir araya getiren Uluslararas\u0131 Programlar ve Akreditasyonlarla E\u011fitim Sekt\u00f6r\u00fcne b\u00fcy\u00fck katk\u0131s\u0131 olan EDUNETWORK i\u015f birli\u011fi ile ikincisi d\u00fczenlenen Uluslararas\u0131 Matematik Turnuvas\u0131na kat\u0131l\u0131mlar\u0131n\u0131zdan onur duyuyoruz.<\/p>\t\t\t\t\t\t<\/div>\n\t\t\t\t<\/div>\n\t\t\t\t\t<\/div>\n\t\t<\/div>\n\t\t\t\t<div class=\"elementor-column elementor-col-50 elementor-top-column elementor-element elementor-element-5711d92\" data-id=\"5711d92\" data-element_type=\"column\">\n\t\t\t<div class=\"elementor-widget-wrap elementor-element-populated\">\n\t\t\t\t\t\t<div class=\"elementor-element elementor-element-0544433 elementor-widget elementor-widget-image\" data-id=\"0544433\" data-element_type=\"widget\" data-widget_type=\"image.default\">\n\t\t\t\t<div class=\"elementor-widget-container\">\n\t\t\t\t\t\t\t\t\t\t\t\t\t<img fetchpriority=\"high\" decoding=\"async\" width=\"667\" height=\"667\" src=\"https:\/\/bosphorusmath.com\/wp-content\/uploads\/2024\/09\/bg.jpg\" class=\"attachment-full size-full wp-image-158\" alt=\"\" srcset=\"https:\/\/bosphorusmath.com\/wp-content\/uploads\/2024\/09\/bg.jpg 667w, https:\/\/bosphorusmath.com\/wp-content\/uploads\/2024\/09\/bg-300x300.jpg 300w, https:\/\/bosphorusmath.com\/wp-content\/uploads\/2024\/09\/bg-100x100.jpg 100w, https:\/\/bosphorusmath.com\/wp-content\/uploads\/2024\/09\/bg-600x600.jpg 600w, https:\/\/bosphorusmath.com\/wp-content\/uploads\/2024\/09\/bg-150x150.jpg 150w, https:\/\/bosphorusmath.com\/wp-content\/uploads\/2024\/09\/bg-650x650.jpg 650w\" sizes=\"(max-width: 667px) 100vw, 667px\" \/>\t\t\t\t\t\t\t\t\t\t\t\t\t<\/div>\n\t\t\t\t<\/div>\n\t\t\t\t\t<\/div>\n\t\t<\/div>\n\t\t\t\t\t<\/div>\n\t\t<\/div>\n\t\t\t\t<\/div>","protected":false},"excerpt":{"rendered":"<p>Hakk\u0131m\u0131zda Bu y\u0131l ikincisi d\u00fczenlenen Uluslararas\u0131 Matematik Turnuvas\u0131 T\u00fcrkiye, T\u00fcrk Devletleri Te\u015fkilat\u0131na \u00dcye \u00dclkeler ile Kosova\u2019da e\u015f zamanl\u0131 olarak ve y\u00fcz y\u00fcze [&hellip;]<\/p>","protected":false},"author":1,"featured_media":0,"parent":0,"menu_order":0,"comment_status":"closed","ping_status":"closed","template":"","meta":{"rank_math_lock_modified_date":false,"footnotes":""},"class_list":["post-74","page","type-page","status-publish","hentry"],"_links":{"self":[{"href":"https:\/\/bosphorusmath.com\/en\/wp-json\/wp\/v2\/pages\/74","targetHints":{"allow":["GET"]}}],"collection":[{"href":"https:\/\/bosphorusmath.com\/en\/wp-json\/wp\/v2\/pages"}],"about":[{"href":"https:\/\/bosphorusmath.com\/en\/wp-json\/wp\/v2\/types\/page"}],"author":[{"embeddable":true,"href":"https:\/\/bosphorusmath.com\/en\/wp-json\/wp\/v2\/users\/1"}],"replies":[{"embeddable":true,"href":"https:\/\/bosphorusmath.com\/en\/wp-json\/wp\/v2\/comments?post=74"}],"version-history":[{"count":34,"href":"https:\/\/bosphorusmath.com\/en\/wp-json\/wp\/v2\/pages\/74\/revisions"}],"predecessor-version":[{"id":1776,"href":"https:\/\/bosphorusmath.com\/en\/wp-json\/wp\/v2\/pages\/74\/revisions\/1776"}],"wp:attachment":[{"href":"https:\/\/bosphorusmath.com\/en\/wp-json\/wp\/v2\/media?parent=74"}],"curies":[{"name":"wp","href":"https:\/\/api.w.org\/{rel}","templated":true}]}}