{"id":150,"date":"2024-09-21T10:54:03","date_gmt":"2024-09-21T10:54:03","guid":{"rendered":"https:\/\/bosphorusmath.com\/?page_id=150"},"modified":"2026-02-13T14:11:23","modified_gmt":"2026-02-13T14:11:23","slug":"sikca-sorulan-sorular","status":"publish","type":"page","link":"https:\/\/bosphorusmath.com\/az\/sikca-sorulan-sorular\/","title":{"rendered":"Tez veril\u0259n suallar"},"content":{"rendered":"<div data-elementor-type=\"wp-page\" data-elementor-id=\"150\" class=\"elementor elementor-150\" data-elementor-settings=\"{&quot;element_pack_global_tooltip_width&quot;:{&quot;unit&quot;:&quot;px&quot;,&quot;size&quot;:&quot;&quot;,&quot;sizes&quot;:[]},&quot;element_pack_global_tooltip_width_tablet&quot;:{&quot;unit&quot;:&quot;px&quot;,&quot;size&quot;:&quot;&quot;,&quot;sizes&quot;:[]},&quot;element_pack_global_tooltip_width_mobile&quot;:{&quot;unit&quot;:&quot;px&quot;,&quot;size&quot;:&quot;&quot;,&quot;sizes&quot;:[]},&quot;element_pack_global_tooltip_padding&quot;:{&quot;unit&quot;:&quot;px&quot;,&quot;top&quot;:&quot;&quot;,&quot;right&quot;:&quot;&quot;,&quot;bottom&quot;:&quot;&quot;,&quot;left&quot;:&quot;&quot;,&quot;isLinked&quot;:true},&quot;element_pack_global_tooltip_padding_tablet&quot;:{&quot;unit&quot;:&quot;px&quot;,&quot;top&quot;:&quot;&quot;,&quot;right&quot;:&quot;&quot;,&quot;bottom&quot;:&quot;&quot;,&quot;left&quot;:&quot;&quot;,&quot;isLinked&quot;:true},&quot;element_pack_global_tooltip_padding_mobile&quot;:{&quot;unit&quot;:&quot;px&quot;,&quot;top&quot;:&quot;&quot;,&quot;right&quot;:&quot;&quot;,&quot;bottom&quot;:&quot;&quot;,&quot;left&quot;:&quot;&quot;,&quot;isLinked&quot;:true},&quot;element_pack_global_tooltip_border_radius&quot;:{&quot;unit&quot;:&quot;px&quot;,&quot;top&quot;:&quot;&quot;,&quot;right&quot;:&quot;&quot;,&quot;bottom&quot;:&quot;&quot;,&quot;left&quot;:&quot;&quot;,&quot;isLinked&quot;:true},&quot;element_pack_global_tooltip_border_radius_tablet&quot;:{&quot;unit&quot;:&quot;px&quot;,&quot;top&quot;:&quot;&quot;,&quot;right&quot;:&quot;&quot;,&quot;bottom&quot;:&quot;&quot;,&quot;left&quot;:&quot;&quot;,&quot;isLinked&quot;:true},&quot;element_pack_global_tooltip_border_radius_mobile&quot;:{&quot;unit&quot;:&quot;px&quot;,&quot;top&quot;:&quot;&quot;,&quot;right&quot;:&quot;&quot;,&quot;bottom&quot;:&quot;&quot;,&quot;left&quot;:&quot;&quot;,&quot;isLinked&quot;:true}}\">\n\t\t\t\t\t\t<div class=\"elementor-section elementor-top-section elementor-element elementor-element-0d1d7ff elementor-section-boxed elementor-section-height-default elementor-section-height-default\" data-id=\"0d1d7ff\" data-element_type=\"section\">\n\t\t\t\t\t\t<div class=\"elementor-container elementor-column-gap-no\">\n\t\t\t\t\t<div class=\"elementor-column elementor-col-100 elementor-top-column elementor-element elementor-element-5fde4972\" data-id=\"5fde4972\" data-element_type=\"column\">\n\t\t\t<div class=\"elementor-widget-wrap elementor-element-populated\">\n\t\t\t\t\t\t<div class=\"elementor-element elementor-element-85ca988 ui-e-a-animate elementor-widget elementor-widget-highlighted-text\" data-id=\"85ca988\" data-element_type=\"widget\" data-widget_type=\"highlighted-text.default\">\n\t\t\t\t<div class=\"elementor-widget-container\">\n\t\t\t\t\t<h1 class=\"ui-e--highlighted-text\" >\r\n        <span class=\"ui-e-headline-text elementor-repeater-item-0105731\">Tez-tez veril\u0259n suallar<\/span><span class=\"ui-e-headline-text elementor-repeater-item-dd14b4b ui-e-headline-color\">\r\n\t\t\t\t\t\t\t\t\t<span class=\"whitespace\"> <\/span><span><span class=\"ui-e-headline-text ui-e-headline-highlighted\">Suallar<\/span><span class=\"uicore-svg-wrapper\"><svg xmlns=\"http:\/\/www.w3.org\/2000\/svg\" viewbox=\"0 0 500 150\" preserveaspectratio=\"none\"><\/svg><\/span><\/span><span class=\"whitespace\"> <\/span><\/span>        <\/h1>\r\n        \t\t<\/div>\n\t\t\t\t<\/div>\n\t\t\t\t<div class=\"elementor-element elementor-element-717a77a0 elementor-widget__width-initial elementor-widget-mobile__width-inherit elementor-invisible elementor-widget elementor-widget-bdt-accordion\" data-id=\"717a77a0\" data-element_type=\"widget\" data-settings=\"{&quot;_animation&quot;:&quot;fadeInUp&quot;,&quot;_animation_delay&quot;:100}\" data-widget_type=\"bdt-accordion.default\">\n\t\t\t\t<div class=\"elementor-widget-container\">\n\t\t\t\t\t<div class=\"bdt-ep-accordion-container\">\n\t\t\t<div id=\"bdt-ep-accordion-717a77a0\" class=\"bdt-ep-accordion bdt-accordion\" data-bdt-accordion=\"{&quot;collapsible&quot;:true,&quot;multiple&quot;:false,&quot;transition&quot;:&quot;ease-in-out&quot;}\" \t\tdata-settings=\"{&quot;id&quot;:&quot;bdt-ep-accordion-717a77a0&quot;,&quot;activeHash&quot;:&quot;no&quot;,&quot;activeScrollspy&quot;:null,&quot;hashTopOffset&quot;:false,&quot;hashScrollspyTime&quot;:false}\">\n\t\t\t\t\t\t\t\t\t<div class=\"bdt-ep-accordion-item bdt-open\">\n\t\t\t\t\t\t<div\t\t\t\t\t\t\tclass=\"bdt-ep-accordion-title bdt-accordion-title bdt-flex bdt-flex-middle bdt-flex-between\" id=\"bdt-ep-accordion-uluslararas-matematik-turnuvas-nedir\"\n\t\t\t\t\t\t\tdata-accordion-index=\"0\" data-title=\"uluslararas-matematik-turnuvas-nedir\">\n\n\t\t\t\t\t\t\t\t\t\t\t\t\t\t\t<span class=\"bdt-ep-accordion-icon bdt-flex-align-right\"\n\t\t\t\t\t\t\t\t\taria-hidden=\"true\">\n\n\t\t\t\t\t\t\t\t\t\t\t\t\t\t\t\t\t\t\t<span class=\"bdt-ep-accordion-icon-closed\">\n\t\t\t\t\t\t\t\t\t\t\t<i aria-hidden=\"true\" class=\"fa-fw ti ti-plus\"><\/i>\t\t\t\t\t\t\t\t\t\t<\/span>\n\t\t\t\t\t\t\t\t\t\n\t\t\t\t\t\t\t\t\t\t\t\t\t\t\t\t\t\t\t<span class=\"bdt-ep-accordion-icon-opened\">\n\t\t\t\t\t\t\t\t\t\t\t<i aria-hidden=\"true\" class=\"fa-fw ti ti-minus\"><\/i>\t\t\t\t\t\t\t\t\t\t<\/span>\n\t\t\t\t\t\t\t\t\t\n\t\t\t\t\t\t\t\t<\/span>\n\t\t\t\t\t\t\t\n\t\t\t\t\t\t\t<span role=\"heading\" class=\"bdt-ep-title-text bdt-flex-inline bdt-flex-middle\" >\n\n\t\t\t\t\t\t\t\t\t\t\t\t\t\t\t\tBeyn\u0259lxalq Riyaziyyat Turniri n\u0259dir?\t\t\t\t\t\t\t<\/span>\n\n\t\t\t\t\t\t<\/div>\n\t\t\t\t\t\t<div class=\"bdt-ep-accordion-content bdt-accordion-content\">\n\t\t\t\t\t\t\t<p class=\"p1\">Uluslararas\u0131 Matematik Turnuvas\u0131, \u00a0matematiksel d\u00fc\u015f\u00fcnme becerilerini te\u015fvik eden ve uluslararas\u0131 d\u00fczeyde \u00f6\u011frencilerin yar\u0131\u015ft\u0131\u011f\u0131 bir matematik bilgi yar\u0131\u015fmas\u0131d\u0131r. Turnuva, y\u00fcz y\u00fcze ger\u00e7ekle\u015ftirilecek olup, kat\u0131l\u0131mc\u0131lar iki a\u015famal\u0131 bir s\u00fcre\u00e7ten ge\u00e7eceklerdir. \u0130lk a\u015famada ba\u015far\u0131l\u0131 olan \u00f6\u011frenciler, final turnuvas\u0131na kat\u0131lmaya hak kazanacakt\u0131r.<\/p>\t\t\t\t\t\t<\/div>\n\t\t\t\t\t<\/div>\n\t\t\t\t\t\t\t\t\t<div class=\"bdt-ep-accordion-item\">\n\t\t\t\t\t\t<div\t\t\t\t\t\t\tclass=\"bdt-ep-accordion-title bdt-accordion-title bdt-flex bdt-flex-middle bdt-flex-between\" id=\"bdt-ep-accordion-turnuvaya-kimler-katlabilir\"\n\t\t\t\t\t\t\tdata-accordion-index=\"1\" data-title=\"turnuvaya-kimler-kat-labilir\">\n\n\t\t\t\t\t\t\t\t\t\t\t\t\t\t\t<span class=\"bdt-ep-accordion-icon bdt-flex-align-right\"\n\t\t\t\t\t\t\t\t\taria-hidden=\"true\">\n\n\t\t\t\t\t\t\t\t\t\t\t\t\t\t\t\t\t\t\t<span class=\"bdt-ep-accordion-icon-closed\">\n\t\t\t\t\t\t\t\t\t\t\t<i aria-hidden=\"true\" class=\"fa-fw ti ti-plus\"><\/i>\t\t\t\t\t\t\t\t\t\t<\/span>\n\t\t\t\t\t\t\t\t\t\n\t\t\t\t\t\t\t\t\t\t\t\t\t\t\t\t\t\t\t<span class=\"bdt-ep-accordion-icon-opened\">\n\t\t\t\t\t\t\t\t\t\t\t<i aria-hidden=\"true\" class=\"fa-fw ti ti-minus\"><\/i>\t\t\t\t\t\t\t\t\t\t<\/span>\n\t\t\t\t\t\t\t\t\t\n\t\t\t\t\t\t\t\t<\/span>\n\t\t\t\t\t\t\t\n\t\t\t\t\t\t\t<span role=\"heading\" class=\"bdt-ep-title-text bdt-flex-inline bdt-flex-middle\" >\n\n\t\t\t\t\t\t\t\t\t\t\t\t\t\t\t\tTurnird\u0259 kiml\u0259r i\u015ftirak ed\u0259 bil\u0259r?\t\t\t\t\t\t\t<\/span>\n\n\t\t\t\t\t\t<\/div>\n\t\t\t\t\t\t<div class=\"bdt-ep-accordion-content bdt-accordion-content\">\n\t\t\t\t\t\t\t<p class=\"p1\">Turnird\u0259 T\u00fcrkiy\u0259nin d\u00f6vl\u0259t v\u0259 \u00f6z\u0259l m\u0259kt\u0259bl\u0259rind\u0259 t\u0259hsil alanlar i\u015ftirak edir:<\/p><p class=\"p3\">\u2022\u0130btidai m\u0259kt\u0259b 1, 2, 3 v\u0259 4-c\u00fc sinif \u015fagirdl\u0259ri,<\/p><p class=\"p3\">\u2022Orta m\u0259kt\u0259b 5, 6, 7 v\u0259 8-ci sinif \u015fagirdl\u0259ri i\u015ftirak ed\u0259 bil\u0259r.<\/p><p class=\"p1\">\u015eagirdl\u0259r sinif s\u0259viyy\u0259l\u0259rin\u0259 uy\u011fun suallarla yar\u0131\u015facaqlar.<\/p>\t\t\t\t\t\t<\/div>\n\t\t\t\t\t<\/div>\n\t\t\t\t\t\t\t\t\t<div class=\"bdt-ep-accordion-item\">\n\t\t\t\t\t\t<div\t\t\t\t\t\t\tclass=\"bdt-ep-accordion-title bdt-accordion-title bdt-flex bdt-flex-middle bdt-flex-between\" id=\"bdt-ep-accordion-bavurular-nasl-yaplr\"\n\t\t\t\t\t\t\tdata-accordion-index=\"2\" data-title=\"ba-vurular-nas-l-yap-l-r\">\n\n\t\t\t\t\t\t\t\t\t\t\t\t\t\t\t<span class=\"bdt-ep-accordion-icon bdt-flex-align-right\"\n\t\t\t\t\t\t\t\t\taria-hidden=\"true\">\n\n\t\t\t\t\t\t\t\t\t\t\t\t\t\t\t\t\t\t\t<span class=\"bdt-ep-accordion-icon-closed\">\n\t\t\t\t\t\t\t\t\t\t\t<i aria-hidden=\"true\" class=\"fa-fw ti ti-plus\"><\/i>\t\t\t\t\t\t\t\t\t\t<\/span>\n\t\t\t\t\t\t\t\t\t\n\t\t\t\t\t\t\t\t\t\t\t\t\t\t\t\t\t\t\t<span class=\"bdt-ep-accordion-icon-opened\">\n\t\t\t\t\t\t\t\t\t\t\t<i aria-hidden=\"true\" class=\"fa-fw ti ti-minus\"><\/i>\t\t\t\t\t\t\t\t\t\t<\/span>\n\t\t\t\t\t\t\t\t\t\n\t\t\t\t\t\t\t\t<\/span>\n\t\t\t\t\t\t\t\n\t\t\t\t\t\t\t<span role=\"heading\" class=\"bdt-ep-title-text bdt-flex-inline bdt-flex-middle\" >\n\n\t\t\t\t\t\t\t\t\t\t\t\t\t\t\t\tNec\u0259 m\u00fcraci\u0259t etm\u0259li?\t\t\t\t\t\t\t<\/span>\n\n\t\t\t\t\t\t<\/div>\n\t\t\t\t\t\t<div class=\"bdt-ep-accordion-content bdt-accordion-content\">\n\t\t\t\t\t\t\t<p class=\"p1\">T\u0259tbiql\u0259r, <b>www.bosphorusmath.com<\/b> Bu, internet sayt\u0131 vasit\u0259sil\u0259 onlayn h\u0259yata ke\u00e7iril\u0259c\u0259k. T\u0259l\u0259b\u0259l\u0259r f\u0259rdi \u015f\u0259kild\u0259 m\u00fcraci\u0259t ed\u0259 bils\u0259l\u0259r d\u0259, m\u0259kt\u0259bl\u0259r d\u0259 bir qurum olaraq kollektiv \u015f\u0259kild\u0259 m\u00fcraci\u0259t ed\u0259 bil\u0259rl\u0259r. M\u00fcraci\u0259t prosesi m\u00fc\u0259yy\u0259n bir \u00f6d\u0259ni\u015f qar\u015f\u0131l\u0131\u011f\u0131nda tamamlan\u0131r v\u0259 \u00f6d\u0259ni\u015f internet sayt\u0131 vasit\u0259sil\u0259 t\u0259hl\u00fck\u0259siz \u015f\u0259kild\u0259 h\u0259yata ke\u00e7irilir.<\/p>\t\t\t\t\t\t<\/div>\n\t\t\t\t\t<\/div>\n\t\t\t\t\t\t\t\t\t<div class=\"bdt-ep-accordion-item\">\n\t\t\t\t\t\t<div\t\t\t\t\t\t\tclass=\"bdt-ep-accordion-title bdt-accordion-title bdt-flex bdt-flex-middle bdt-flex-between\" id=\"bdt-ep-accordion-turnuva-hangi-tarihlerde-dzenlenecek\"\n\t\t\t\t\t\t\tdata-accordion-index=\"3\" data-title=\"turnuva-hangi-tarihlerde-d-zenlenecek\">\n\n\t\t\t\t\t\t\t\t\t\t\t\t\t\t\t<span class=\"bdt-ep-accordion-icon bdt-flex-align-right\"\n\t\t\t\t\t\t\t\t\taria-hidden=\"true\">\n\n\t\t\t\t\t\t\t\t\t\t\t\t\t\t\t\t\t\t\t<span class=\"bdt-ep-accordion-icon-closed\">\n\t\t\t\t\t\t\t\t\t\t\t<i aria-hidden=\"true\" class=\"fa-fw ti ti-plus\"><\/i>\t\t\t\t\t\t\t\t\t\t<\/span>\n\t\t\t\t\t\t\t\t\t\n\t\t\t\t\t\t\t\t\t\t\t\t\t\t\t\t\t\t\t<span class=\"bdt-ep-accordion-icon-opened\">\n\t\t\t\t\t\t\t\t\t\t\t<i aria-hidden=\"true\" class=\"fa-fw ti ti-minus\"><\/i>\t\t\t\t\t\t\t\t\t\t<\/span>\n\t\t\t\t\t\t\t\t\t\n\t\t\t\t\t\t\t\t<\/span>\n\t\t\t\t\t\t\t\n\t\t\t\t\t\t\t<span role=\"heading\" class=\"bdt-ep-title-text bdt-flex-inline bdt-flex-middle\" >\n\n\t\t\t\t\t\t\t\t\t\t\t\t\t\t\t\tTurnir hans\u0131 tarixl\u0259rd\u0259 ke\u00e7iril\u0259c\u0259k?\t\t\t\t\t\t\t<\/span>\n\n\t\t\t\t\t\t<\/div>\n\t\t\t\t\t\t<div class=\"bdt-ep-accordion-content bdt-accordion-content\">\n\t\t\t\t\t\t\t<p>S\u0131nav\u0131n Duyurulmas\u0131: 26 Aral\u0131k 2025, Cuma<\/p><p>Son Kay\u0131t Tarihi: 15 Mart 2026, Pazar<\/p><p>Turnuva Tarihi: 4 Nisan 2026, Cumartesi<\/p><p>Sonu\u00e7lar\u0131n A\u00e7\u0131klanma Tarihi: 17 Nisan 2026, Cuma<\/p><p>Final S\u0131nav\u0131 Ba\u015fvurusu Son Tarih: 10 May\u0131s 2026, Pazar<\/p><p>Final S\u0131nav\u0131 ve \u00d6d\u00fcl Takdim T\u00f6reni: 7 Haziran 2026, Pazar<\/p>\t\t\t\t\t\t<\/div>\n\t\t\t\t\t<\/div>\n\t\t\t\t\t\t\t\t\t<div class=\"bdt-ep-accordion-item\">\n\t\t\t\t\t\t<div\t\t\t\t\t\t\tclass=\"bdt-ep-accordion-title bdt-accordion-title bdt-flex bdt-flex-middle bdt-flex-between\" id=\"bdt-ep-accordion-turnuva-creti-ne-kadar\"\n\t\t\t\t\t\t\tdata-accordion-index=\"4\" data-title=\"turnuva-creti-ne-kadar\">\n\n\t\t\t\t\t\t\t\t\t\t\t\t\t\t\t<span class=\"bdt-ep-accordion-icon bdt-flex-align-right\"\n\t\t\t\t\t\t\t\t\taria-hidden=\"true\">\n\n\t\t\t\t\t\t\t\t\t\t\t\t\t\t\t\t\t\t\t<span class=\"bdt-ep-accordion-icon-closed\">\n\t\t\t\t\t\t\t\t\t\t\t<i aria-hidden=\"true\" class=\"fa-fw ti ti-plus\"><\/i>\t\t\t\t\t\t\t\t\t\t<\/span>\n\t\t\t\t\t\t\t\t\t\n\t\t\t\t\t\t\t\t\t\t\t\t\t\t\t\t\t\t\t<span class=\"bdt-ep-accordion-icon-opened\">\n\t\t\t\t\t\t\t\t\t\t\t<i aria-hidden=\"true\" class=\"fa-fw ti ti-minus\"><\/i>\t\t\t\t\t\t\t\t\t\t<\/span>\n\t\t\t\t\t\t\t\t\t\n\t\t\t\t\t\t\t\t<\/span>\n\t\t\t\t\t\t\t\n\t\t\t\t\t\t\t<span role=\"heading\" class=\"bdt-ep-title-text bdt-flex-inline bdt-flex-middle\" >\n\n\t\t\t\t\t\t\t\t\t\t\t\t\t\t\t\tTurnirin qiym\u0259ti n\u0259 q\u0259d\u0259rdir?\t\t\t\t\t\t\t<\/span>\n\n\t\t\t\t\t\t<\/div>\n\t\t\t\t\t\t<div class=\"bdt-ep-accordion-content bdt-accordion-content\">\n\t\t\t\t\t\t\t<p class=\"p1\">F\u0259rdi m\u00fcraci\u0259t haqq\u0131 h\u0259r t\u0259l\u0259b\u0259 \u00fc\u00e7\u00fcn m\u00fc\u0259yy\u0259n edilmi\u015f m\u0259bl\u0259\u011fdir. Korporativ i\u015ftirak \u00fc\u00e7\u00fcn toplu qeydiyyat endiriml\u0259ri t\u0259tbiq oluna bil\u0259r. M\u00fcraci\u0259t haqq\u0131 v\u0259 \u00f6d\u0259ni\u015f prosedurlar\u0131 haqq\u0131nda \u0259trafl\u0131 m\u0259lumat <b>\u018friz\u0259<\/b>\u00a0S\u0259hif\u0259d\u0259n daxil ola bil\u0259rsiniz.<\/p>\t\t\t\t\t\t<\/div>\n\t\t\t\t\t<\/div>\n\t\t\t\t\t\t\t<\/div>\n\t\t<\/div>\n\t\t\t\t<\/div>\n\t\t\t\t<\/div>\n\t\t\t\t<div class=\"elementor-element elementor-element-10ab4e3a elementor-widget__width-initial elementor-widget-mobile__width-inherit elementor-invisible elementor-widget elementor-widget-bdt-accordion\" data-id=\"10ab4e3a\" data-element_type=\"widget\" data-settings=\"{&quot;_animation&quot;:&quot;fadeInUp&quot;,&quot;_animation_delay&quot;:100}\" data-widget_type=\"bdt-accordion.default\">\n\t\t\t\t<div class=\"elementor-widget-container\">\n\t\t\t\t\t<div class=\"bdt-ep-accordion-container\">\n\t\t\t<div id=\"bdt-ep-accordion-10ab4e3a\" class=\"bdt-ep-accordion bdt-accordion\" data-bdt-accordion=\"{&quot;collapsible&quot;:true,&quot;multiple&quot;:false,&quot;transition&quot;:&quot;ease-in-out&quot;}\" \t\tdata-settings=\"{&quot;id&quot;:&quot;bdt-ep-accordion-10ab4e3a&quot;,&quot;activeHash&quot;:&quot;no&quot;,&quot;activeScrollspy&quot;:null,&quot;hashTopOffset&quot;:false,&quot;hashScrollspyTime&quot;:false}\">\n\t\t\t\t\t\t\t\t\t<div class=\"bdt-ep-accordion-item bdt-open\">\n\t\t\t\t\t\t<div\t\t\t\t\t\t\tclass=\"bdt-ep-accordion-title bdt-accordion-title bdt-flex bdt-flex-middle bdt-flex-between\" id=\"bdt-ep-accordion-turnuva-sorular-nasl-hazrlanyor-ve-puanlamas-nasl-yaplacak\"\n\t\t\t\t\t\t\tdata-accordion-index=\"0\" data-title=\"turnuva-sorular-nas-l-haz-rlan-yor-ve-puanlamas-nas-l-yap-lacak\">\n\n\t\t\t\t\t\t\t\t\t\t\t\t\t\t\t<span class=\"bdt-ep-accordion-icon bdt-flex-align-right\"\n\t\t\t\t\t\t\t\t\taria-hidden=\"true\">\n\n\t\t\t\t\t\t\t\t\t\t\t\t\t\t\t\t\t\t\t<span class=\"bdt-ep-accordion-icon-closed\">\n\t\t\t\t\t\t\t\t\t\t\t<i aria-hidden=\"true\" class=\"fa-fw ti ti-plus\"><\/i>\t\t\t\t\t\t\t\t\t\t<\/span>\n\t\t\t\t\t\t\t\t\t\n\t\t\t\t\t\t\t\t\t\t\t\t\t\t\t\t\t\t\t<span class=\"bdt-ep-accordion-icon-opened\">\n\t\t\t\t\t\t\t\t\t\t\t<i aria-hidden=\"true\" class=\"fa-fw ti ti-minus\"><\/i>\t\t\t\t\t\t\t\t\t\t<\/span>\n\t\t\t\t\t\t\t\t\t\n\t\t\t\t\t\t\t\t<\/span>\n\t\t\t\t\t\t\t\n\t\t\t\t\t\t\t<span role=\"heading\" class=\"bdt-ep-title-text bdt-flex-inline bdt-flex-middle\" >\n\n\t\t\t\t\t\t\t\t\t\t\t\t\t\t\t\tTurnir suallar\u0131 nec\u0259 haz\u0131rlan\u0131r v\u0259 onlar nec\u0259 hesablanacaq?\t\t\t\t\t\t\t<\/span>\n\n\t\t\t\t\t\t<\/div>\n\t\t\t\t\t\t<div class=\"bdt-ep-accordion-content bdt-accordion-content\">\n\t\t\t\t\t\t\t<p class=\"p1\">Turnuva sorular\u0131, \u00a0T\u00fcrkiye\u2019nin \u00f6nde gelen okullar\u0131n\u0131n matematik \u00f6\u011fretmenlerinden olu\u015fan bir bilim kurulu taraf\u0131ndan haz\u0131rlanm\u0131\u015ft\u0131r. Her s\u0131n\u0131f seviyesinde 20 \u00e7oktan se\u00e7meli soru yer alacakt\u0131r. Sorular\u0131n puanlamas\u0131 4, 5 ve 6 puanl\u0131k olacak \u015fekilde ayr\u0131lm\u0131\u015ft\u0131r. Maksimum puan 100\u2019d\u00fcr ve s\u0131nav s\u00fcresi 60 dakikad\u0131r.<\/p>\t\t\t\t\t\t<\/div>\n\t\t\t\t\t<\/div>\n\t\t\t\t\t\t\t\t\t<div class=\"bdt-ep-accordion-item\">\n\t\t\t\t\t\t<div\t\t\t\t\t\t\tclass=\"bdt-ep-accordion-title bdt-accordion-title bdt-flex bdt-flex-middle bdt-flex-between\" id=\"bdt-ep-accordion-snav-merkezi-nasl-olunur\"\n\t\t\t\t\t\t\tdata-accordion-index=\"1\" data-title=\"s-nav-merkezi-nas-l-olunur\">\n\n\t\t\t\t\t\t\t\t\t\t\t\t\t\t\t<span class=\"bdt-ep-accordion-icon bdt-flex-align-right\"\n\t\t\t\t\t\t\t\t\taria-hidden=\"true\">\n\n\t\t\t\t\t\t\t\t\t\t\t\t\t\t\t\t\t\t\t<span class=\"bdt-ep-accordion-icon-closed\">\n\t\t\t\t\t\t\t\t\t\t\t<i aria-hidden=\"true\" class=\"fa-fw ti ti-plus\"><\/i>\t\t\t\t\t\t\t\t\t\t<\/span>\n\t\t\t\t\t\t\t\t\t\n\t\t\t\t\t\t\t\t\t\t\t\t\t\t\t\t\t\t\t<span class=\"bdt-ep-accordion-icon-opened\">\n\t\t\t\t\t\t\t\t\t\t\t<i aria-hidden=\"true\" class=\"fa-fw ti ti-minus\"><\/i>\t\t\t\t\t\t\t\t\t\t<\/span>\n\t\t\t\t\t\t\t\t\t\n\t\t\t\t\t\t\t\t<\/span>\n\t\t\t\t\t\t\t\n\t\t\t\t\t\t\t<span role=\"heading\" class=\"bdt-ep-title-text bdt-flex-inline bdt-flex-middle\" >\n\n\t\t\t\t\t\t\t\t\t\t\t\t\t\t\t\tNec\u0259 imtahan m\u0259rk\u0259zi olmaq olar?\t\t\t\t\t\t\t<\/span>\n\n\t\t\t\t\t\t<\/div>\n\t\t\t\t\t\t<div class=\"bdt-ep-accordion-content bdt-accordion-content\">\n\t\t\t\t\t\t\t<p class=\"p1\">\u0130mtahan m\u0259rk\u0259zi olmaq ist\u0259y\u0259n m\u0259kt\u0259bl\u0259r m\u00fcraci\u0259t etm\u0259li v\u0259 m\u00fc\u0259yy\u0259n \u015f\u0259rtl\u0259ri yerin\u0259 yetirm\u0259lidir. \u0130stanbul, Ankara, \u0130zmir, Bursa, Adana v\u0259 dig\u0259r vilay\u0259tl\u0259rd\u0259 m\u00fc\u0259yy\u0259n sayda imtahan m\u0259rk\u0259zl\u0259ri t\u0259yin olunacaq. \u0130mtahan m\u0259rk\u0259zi olmaq \u015f\u0259rtl\u0259ri m\u00fcraci\u0259t ed\u0259n m\u0259kt\u0259bl\u0259r\u0259 elektron po\u00e7t vasit\u0259sil\u0259 bildiril\u0259c\u0259k. M\u00fcraci\u0259tl\u0259rin q\u0259bul edilib-edilm\u0259m\u0259si qiym\u0259tl\u0259ndirm\u0259d\u0259n sonra m\u00fcraci\u0259t ed\u0259n m\u0259kt\u0259bl\u0259r\u0259 m\u0259lumat veril\u0259c\u0259k.<\/p>\t\t\t\t\t\t<\/div>\n\t\t\t\t\t<\/div>\n\t\t\t\t\t\t\t\t\t<div class=\"bdt-ep-accordion-item\">\n\t\t\t\t\t\t<div\t\t\t\t\t\t\tclass=\"bdt-ep-accordion-title bdt-accordion-title bdt-flex bdt-flex-middle bdt-flex-between\" id=\"bdt-ep-accordion-turnuva-sonular-nasl-duyurulacak\"\n\t\t\t\t\t\t\tdata-accordion-index=\"2\" data-title=\"turnuva-sonu-lar-nas-l-duyurulacak\">\n\n\t\t\t\t\t\t\t\t\t\t\t\t\t\t\t<span class=\"bdt-ep-accordion-icon bdt-flex-align-right\"\n\t\t\t\t\t\t\t\t\taria-hidden=\"true\">\n\n\t\t\t\t\t\t\t\t\t\t\t\t\t\t\t\t\t\t\t<span class=\"bdt-ep-accordion-icon-closed\">\n\t\t\t\t\t\t\t\t\t\t\t<i aria-hidden=\"true\" class=\"fa-fw ti ti-plus\"><\/i>\t\t\t\t\t\t\t\t\t\t<\/span>\n\t\t\t\t\t\t\t\t\t\n\t\t\t\t\t\t\t\t\t\t\t\t\t\t\t\t\t\t\t<span class=\"bdt-ep-accordion-icon-opened\">\n\t\t\t\t\t\t\t\t\t\t\t<i aria-hidden=\"true\" class=\"fa-fw ti ti-minus\"><\/i>\t\t\t\t\t\t\t\t\t\t<\/span>\n\t\t\t\t\t\t\t\t\t\n\t\t\t\t\t\t\t\t<\/span>\n\t\t\t\t\t\t\t\n\t\t\t\t\t\t\t<span role=\"heading\" class=\"bdt-ep-title-text bdt-flex-inline bdt-flex-middle\" >\n\n\t\t\t\t\t\t\t\t\t\t\t\t\t\t\t\tTurnirin n\u0259tic\u0259l\u0259ri nec\u0259 a\u00e7\u0131qlanacaq?\t\t\t\t\t\t\t<\/span>\n\n\t\t\t\t\t\t<\/div>\n\t\t\t\t\t\t<div class=\"bdt-ep-accordion-content bdt-accordion-content\">\n\t\t\t\t\t\t\t<p class=\"p1\">\u0130lk a\u015fama turnuva sonu\u00e7lar\u0131 17 Nisan 2026 tarihinde a\u00e7\u0131klanacakt\u0131r. Sonu\u00e7lar, <b>www.bosphorusmath.com<\/b> web sitesinde duyurulacak ve finalist \u00f6\u011frencilere ayr\u0131ca bildirim yap\u0131lacakt\u0131r. Final S\u0131nav\u0131 ve \u00d6d\u00fcl Takdim T\u00f6reni: 7 Haziran 2026, Pazar g\u00fcn\u00fc yap\u0131lacakt\u0131r.<\/p>\t\t\t\t\t\t<\/div>\n\t\t\t\t\t<\/div>\n\t\t\t\t\t\t\t\t\t<div class=\"bdt-ep-accordion-item\">\n\t\t\t\t\t\t<div\t\t\t\t\t\t\tclass=\"bdt-ep-accordion-title bdt-accordion-title bdt-flex bdt-flex-middle bdt-flex-between\" id=\"bdt-ep-accordion-turnuva-hakknda-daha-fazla-bilgiye-nereden-ulaabilirim\"\n\t\t\t\t\t\t\tdata-accordion-index=\"3\" data-title=\"turnuva-hakk-nda-daha-fazla-bilgiye-nereden-ula-abilirim\">\n\n\t\t\t\t\t\t\t\t\t\t\t\t\t\t\t<span class=\"bdt-ep-accordion-icon bdt-flex-align-right\"\n\t\t\t\t\t\t\t\t\taria-hidden=\"true\">\n\n\t\t\t\t\t\t\t\t\t\t\t\t\t\t\t\t\t\t\t<span class=\"bdt-ep-accordion-icon-closed\">\n\t\t\t\t\t\t\t\t\t\t\t<i aria-hidden=\"true\" class=\"fa-fw ti ti-plus\"><\/i>\t\t\t\t\t\t\t\t\t\t<\/span>\n\t\t\t\t\t\t\t\t\t\n\t\t\t\t\t\t\t\t\t\t\t\t\t\t\t\t\t\t\t<span class=\"bdt-ep-accordion-icon-opened\">\n\t\t\t\t\t\t\t\t\t\t\t<i aria-hidden=\"true\" class=\"fa-fw ti ti-minus\"><\/i>\t\t\t\t\t\t\t\t\t\t<\/span>\n\t\t\t\t\t\t\t\t\t\n\t\t\t\t\t\t\t\t<\/span>\n\t\t\t\t\t\t\t\n\t\t\t\t\t\t\t<span role=\"heading\" class=\"bdt-ep-title-text bdt-flex-inline bdt-flex-middle\" >\n\n\t\t\t\t\t\t\t\t\t\t\t\t\t\t\t\tTurnir haqq\u0131nda daha \u00e7ox m\u0259lumat\u0131 haradan tapa bil\u0259r\u0259m?\t\t\t\t\t\t\t<\/span>\n\n\t\t\t\t\t\t<\/div>\n\t\t\t\t\t\t<div class=\"bdt-ep-accordion-content bdt-accordion-content\">\n\t\t\t\t\t\t\t<p class=\"p1\">Turnir haqq\u0131nda \u0259trafl\u0131 m\u0259lumat \u0259ld\u0259 etm\u0259k \u00fc\u00e7\u00fcn <b>info@bosphorusmath.com<\/b> +90544 655 98 76 n\u00f6mr\u0259sin\u0259 z\u0259ng ed\u0259r\u0259k turnir komandas\u0131na e-po\u00e7t g\u00f6nd\u0259r\u0259 v\u0259 ya onunla \u0259laq\u0259 saxlaya bil\u0259rsiniz. H\u0259m\u00e7inin, sayt\u0131m\u0131zda <b>T\u0259tbiq \u015f\u0259rtl\u0259ri<\/b>, <b>Tez veril\u0259n suallar<\/b> V\u0259 <b>Turnirin X\u00fcsusiyy\u0259tl\u0259ri<\/b> Siz h\u0259m\u00e7inin bu s\u0259hif\u0259l\u0259rd\u0259 \u0259trafl\u0131 m\u0259lumat \u0259ld\u0259 ed\u0259 bil\u0259rsiniz.<\/p>\t\t\t\t\t\t<\/div>\n\t\t\t\t\t<\/div>\n\t\t\t\t\t\t\t<\/div>\n\t\t<\/div>\n\t\t\t\t<\/div>\n\t\t\t\t<\/div>\n\t\t\t\t<section class=\"elementor-section elementor-inner-section elementor-element elementor-element-70638234 elementor-section-boxed elementor-section-height-default elementor-section-height-default elementor-invisible\" data-id=\"70638234\" data-element_type=\"section\" data-settings=\"{&quot;background_background&quot;:&quot;classic&quot;,&quot;animation&quot;:&quot;fadeInUp&quot;,&quot;animation_delay&quot;:300}\">\n\t\t\t\t\t\t<div class=\"elementor-container elementor-column-gap-default\">\n\t\t\t\t\t<div class=\"elementor-column elementor-col-50 elementor-inner-column elementor-element elementor-element-2cd236f0\" data-id=\"2cd236f0\" data-element_type=\"column\">\n\t\t\t<div class=\"elementor-widget-wrap elementor-element-populated\">\n\t\t\t\t\t\t<div class=\"elementor-element elementor-element-4949835a elementor-invisible elementor-widget elementor-widget-heading\" data-id=\"4949835a\" data-element_type=\"widget\" data-settings=\"{&quot;_animation&quot;:&quot;fadeInUp&quot;,&quot;_animation_delay&quot;:550}\" data-widget_type=\"heading.default\">\n\t\t\t\t<div class=\"elementor-widget-container\">\n\t\t\t<h3 class=\"elementor-heading-title elementor-size-default\">Suallar\u0131n\u0131z yuxar\u0131da cavabland\u0131r\u0131lmay\u0131b?<\/h3>\t\t<\/div>\n\t\t\t\t<\/div>\n\t\t\t\t<div class=\"elementor-element elementor-element-1d8a9109 elementor-invisible elementor-widget elementor-widget-text-editor\" data-id=\"1d8a9109\" data-element_type=\"widget\" data-settings=\"{&quot;_animation&quot;:&quot;fadeInUp&quot;,&quot;_animation_delay&quot;:650}\" data-widget_type=\"text-editor.default\">\n\t\t\t\t<div class=\"elementor-widget-container\">\n\t\t\t\t\t\t\t<p>\u0130st\u0259nil\u0259n sual v\u0259 ist\u0259kl\u0259rinizi biziml\u0259 \u0259laq\u0259 saxlaya bil\u0259rsiniz.<\/p>\t\t\t\t\t\t<\/div>\n\t\t\t\t<\/div>\n\t\t\t\t\t<\/div>\n\t\t<\/div>\n\t\t\t\t<div class=\"elementor-column elementor-col-50 elementor-inner-column elementor-element elementor-element-69419750\" data-id=\"69419750\" data-element_type=\"column\">\n\t\t\t<div class=\"elementor-widget-wrap elementor-element-populated\">\n\t\t\t\t\t\t<div class=\"elementor-element elementor-element-56de5a3 elementor-align-right elementor-mobile-align-center elementor-invisible elementor-widget elementor-widget-button\" data-id=\"56de5a3\" data-element_type=\"widget\" data-settings=\"{&quot;_animation&quot;:&quot;fadeInRight&quot;,&quot;_animation_delay&quot;:&quot;450&quot;}\" data-widget_type=\"button.default\">\n\t\t\t\t<div class=\"elementor-widget-container\">\n\t\t\t\t\t<div class=\"elementor-button-wrapper\">\n\t\t\t<a class=\"elementor-button elementor-button-link elementor-size-sm\" href=\"https:\/\/bosphorusmath.com\/az\/iletisim\/\">\n\t\t\t\t\t\t<span class=\"elementor-button-content-wrapper\">\n\t\t\t\t\t\t\t\t\t<span class=\"elementor-button-text\">\u00dcnsiyy\u0259t<\/span>\n\t\t\t\t\t<\/span>\n\t\t\t\t\t<\/a>\n\t\t<\/div>\n\t\t\t\t<\/div>\n\t\t\t\t<\/div>\n\t\t\t\t\t<\/div>\n\t\t<\/div>\n\t\t\t\t\t<\/div>\n\t\t<\/section>\n\t\t\t\t\t<\/div>\n\t\t<\/div>\n\t\t\t\t\t<\/div>\n\t\t<\/div>\n\t\t\t\t<\/div>","protected":false},"excerpt":{"rendered":"<p>S\u0131k\u00e7a Sorulan Sorular Uluslararas\u0131 Matematik Turnuvas\u0131 nedir? Uluslararas\u0131 Matematik Turnuvas\u0131, \u00a0matematiksel d\u00fc\u015f\u00fcnme becerilerini te\u015fvik eden ve uluslararas\u0131 d\u00fczeyde \u00f6\u011frencilerin yar\u0131\u015ft\u0131\u011f\u0131 bir matematik [&hellip;]<\/p>","protected":false},"author":1,"featured_media":0,"parent":0,"menu_order":0,"comment_status":"closed","ping_status":"closed","template":"","meta":{"rank_math_lock_modified_date":false,"footnotes":""},"class_list":["post-150","page","type-page","status-publish","hentry"],"_links":{"self":[{"href":"https:\/\/bosphorusmath.com\/az\/wp-json\/wp\/v2\/pages\/150","targetHints":{"allow":["GET"]}}],"collection":[{"href":"https:\/\/bosphorusmath.com\/az\/wp-json\/wp\/v2\/pages"}],"about":[{"href":"https:\/\/bosphorusmath.com\/az\/wp-json\/wp\/v2\/types\/page"}],"author":[{"embeddable":true,"href":"https:\/\/bosphorusmath.com\/az\/wp-json\/wp\/v2\/users\/1"}],"replies":[{"embeddable":true,"href":"https:\/\/bosphorusmath.com\/az\/wp-json\/wp\/v2\/comments?post=150"}],"version-history":[{"count":52,"href":"https:\/\/bosphorusmath.com\/az\/wp-json\/wp\/v2\/pages\/150\/revisions"}],"predecessor-version":[{"id":1779,"href":"https:\/\/bosphorusmath.com\/az\/wp-json\/wp\/v2\/pages\/150\/revisions\/1779"}],"wp:attachment":[{"href":"https:\/\/bosphorusmath.com\/az\/wp-json\/wp\/v2\/media?parent=150"}],"curies":[{"name":"wp","href":"https:\/\/api.w.org\/{rel}","templated":true}]}}